{"id":3534,"date":"2025-04-02T13:22:00","date_gmt":"2025-04-02T13:22:00","guid":{"rendered":"https:\/\/fumotxpress.de\/?post_type=product&#038;p=3534"},"modified":"2025-11-24T07:50:10","modified_gmt":"2025-11-24T07:50:10","slug":"request-failed-with-status-code-564","status":"publish","type":"product","link":"https:\/\/fumotxpress.de\/de\/produkt\/request-failed-with-status-code-564\/","title":{"rendered":"Vozol Star 12000 Puffs Nikotin Kaufen Original Authentisch Aufladbare Einweg-Vapes Pen"},"content":{"rendered":"<h2>Vozol Star 12000 Puffs Nikotin \u2013 Aufladbare Einweg-Vape-Pen<\/h2>\n<p>&nbsp;<\/p>\n<p class=\"\" data-start=\"71\" data-end=\"563\">The \nbecomes \nDie \nno change needed \nthus output \nDie <strong data-start=\"75\" data-end=\"143\">Vozol Star 12000 Puffs Nikotin Aufladbare Einweg-Vape-Pen<\/strong> ist f\u00fcr Vaper konzipiert, die sowohl Premium-Qualit\u00e4t als auch langanhaltende Leistung in einem schlanken, innovativen Ger\u00e4t fordern. Bietet eine beeindruckende <strong data-start=\"284\" data-end=\"299\">12000 Puffs<\/strong>Diese Einweg-E-Zigarette liefert ein konsistentes Aroma und einen befriedigenden Dampf, mit einer Auflade-Funktion f\u00fcr eine verl\u00e4ngerte Nutzung. Ob Sie Anf\u00e4nger oder erfahrener Dampfer sind, dieses Produkt verspricht Bequemlichkeit, exzellenten Geschmack und Spitzen-Technologie in einem Paket.<\/p>\n<h3 class=\"\" data-start=\"565\" data-end=\"626\">Umfassende \u00dcbersicht \u00fcber das Vozol Star 12000 Puffs Vape<\/h3>\n<p class=\"\" data-start=\"628\" data-end=\"995\">The \nbecomes \nDie \nno change needed \nthus output \nDie <strong data-start=\"632\" data-end=\"658\">Vozol Star 12000 Puffs<\/strong> ist viel mehr als nur eine standardm\u00e4\u00dfige Einweg-E-Zigarette. Ausgestattet mit <strong data-start=\"724\" data-end=\"754\">S.i.L.C. Flavor Technology<\/strong>, stellt sicher, dass jeder Zug ein reichhaltigeres, glatteres Geschmacksprofil bietet. Ob Sie Ihre Lieblingsfrucht- oder Mentholgeschmacksrichtungen dampfen, diese Technologie maximiert die Geschmacksabgabe und bietet Ihnen mit jedem Einatmen ein befriedigendes und aromatisches Erlebnis.<\/p>\n<p class=\"\" data-start=\"997\" data-end=\"1449\">Dies <strong data-start=\"1002\" data-end=\"1027\">Aufladbare E-Zigarette Pen<\/strong> ist konzipiert f\u00fcr <strong data-start=\"1044\" data-end=\"1074\">MTL (Mouth-to-Lung) Dampfen<\/strong>, was es zu einer perfekten Wahl f\u00fcr diejenigen macht, die eine \u00c4hnlichkeit zum traditionellen Rauchen bevorzugen. Das Ger\u00e4t ist ausgestattet mit einem <strong data-start=\"1191\" data-end=\"1222\">650mAh wiederaufladbare Batterie<\/strong>, erm\u00f6glicht es Ihnen, ihn aufzuladen und ihn l\u00e4nger zu verwenden, ohne sich Sorgen zu machen, dass der Akku schnell leer wird. Diese Funktion macht den <strong data-start=\"1343\" data-end=\"1357\">Vozol Star<\/strong> sich von Einweg-Vape-Pens abheben, wo typische Vapes nur f\u00fcr den einmaligen Gebrauch konzipiert sind.<\/p>\n<p class=\"\" data-start=\"1451\" data-end=\"1739\">Dar\u00fcber hinaus wird die <strong data-start=\"1468\" data-end=\"1494\">Vozol Star 12000 Puffs<\/strong> kommt mit einem <strong data-start=\"1508\" data-end=\"1521\">Maschenwendel<\/strong>, um ein schnelleres und gleichm\u00e4\u00dfigeres Erhitzen f\u00fcr ein smootheres Erlebnis bei jedem Zug zu gew\u00e4hrleisten. Und mit dem <strong data-start=\"1617\" data-end=\"1635\">TPD-Konformit\u00e4t<\/strong>, dieses E-Liquid ist voll legal und bereit f\u00fcr den Verkauf in der EU, was Ihnen beim Kauf ein gutes Gef\u00fchl gibt.<\/p>\n<p class=\"\" data-start=\"1741\" data-end=\"2142\">Eines der bequemsten Merkmale ist das <strong data-start=\"1784\" data-end=\"1806\">LED-Bildschirmdisplay<\/strong>, das zeigt die <strong data-start=\"1824\" data-end=\"1855\">Akku- und E-Liquid-St\u00e4nde<\/strong>, sodass du nie erraten musst, wann es Zeit f\u00fcr ein Aufladen oder Nachf\u00fcllen ist. Plus, die <strong data-start=\"1935\" data-end=\"1960\">Mundst\u00fcckschutz<\/strong> Diese Funktion stellt sicher, dass Ihr Verdampferlebnis hygienisch und sicher bleibt. Mit seiner schnellen <strong data-start=\"2045\" data-end=\"2072\">30-min\u00fctige Ladezeit<\/strong>der <strong data-start=\"2078\" data-end=\"2092\">Vozol Star<\/strong> Stellen Sie sicher, dass Sie in k\u00fcrzester Zeit wieder zum Dampfen zur\u00fcckkehren k\u00f6nnen.<\/p>\n<p class=\"\" data-start=\"2144\" data-end=\"2457\">The \nbecomes \nDie \nno change needed \nthus output \nDie <strong data-start=\"2148\" data-end=\"2167\">Marmorierungsdesign<\/strong> verleiht diesem Ger\u00e4t einen Hauch von Eleganz und Stil und verleiht ihm ein Premium-Look, der seiner Leistung entspricht. Als umweltfreundliche Option wird dieser Vape hergestellt aus <strong data-start=\"2325\" data-end=\"2359\">postkonsumierendes Recyclingkunststoff<\/strong>, um sicherzustellen, dass Sie eine nachhaltigere Wahl treffen, w\u00e4hrend Sie Ihre Lieblings-Vape-Aromen genie\u00dfen.<\/p>\n<p class=\"\" data-start=\"2459\" data-end=\"2592\">F\u00fcr diejenigen, die nach einem zuverl\u00e4ssigen, leistungsstarken und umweltbewussten Verdampfungsger\u00e4t suchen, das <strong data-start=\"2548\" data-end=\"2574\">Vozol Star 12000 Puffs<\/strong> ist wie geschaffen daf\u00fcr.<\/p>\n<h3 class=\"\" data-start=\"2594\" data-end=\"2665\">Merkmale des Vozol Star 12000 Puffs wiederaufladbaren Einweg-Vaporizers<\/h3>\n<ul data-start=\"2667\" data-end=\"3683\">\n<li class=\"\" data-start=\"2667\" data-end=\"2757\">\n<p class=\"\" data-start=\"2669\" data-end=\"2757\"><strong data-start=\"2669\" data-end=\"2684\">12000 Puffs<\/strong>: Genie\u00dfen Sie verl\u00e4ngerte Dampf-Sitzungen mit einer langlebigen Kapazit\u00e4t von 12000 Puffs.<\/p>\n<\/li>\n<li class=\"\" data-start=\"2758\" data-end=\"2898\">\n<p class=\"\" data-start=\"2760\" data-end=\"2898\"><strong data-start=\"2760\" data-end=\"2784\">Aufladbare Batterie<\/strong>: Ausgestattet mit einem <strong data-start=\"2802\" data-end=\"2833\">650mAh wiederaufladbare Batterie<\/strong>, dieses Ger\u00e4t kann leicht aufgeladen und f\u00fcr einen l\u00e4ngeren Zeitraum verwendet werden.<\/p>\n<\/li>\n<li class=\"\" data-start=\"2899\" data-end=\"3005\">\n<p class=\"\" data-start=\"2901\" data-end=\"3005\"><strong data-start=\"2901\" data-end=\"2931\">S.i.L.C. Flavor Technology<\/strong>: Maximiert die Konsistenz des Geschmacks und verbessert das gesamte Vaperlebnis.<\/p>\n<\/li>\n<li class=\"\" data-start=\"3006\" data-end=\"3064\">\n<p class=\"\" data-start=\"3008\" data-end=\"3064\"><strong data-start=\"3008\" data-end=\"3021\">Mesh-Coil<\/strong>: Bietet gleichm\u00e4\u00dfige Heizung und glatteren Dampf.<\/p>\n<\/li>\n<li class=\"\" data-start=\"3065\" data-end=\"3165\">\n<p class=\"\" data-start=\"3067\" data-end=\"3165\"><strong data-start=\"3067\" data-end=\"3089\">LED-Bildschirmdisplay<\/strong>: Zeigt den Akku- und E-Liquid-Stand an, wodurch es einfacher wird, Ihr Dampfen zu verwalten.<\/p>\n<\/li>\n<li class=\"\" data-start=\"3166\" data-end=\"3263\">\n<p class=\"\" data-start=\"3168\" data-end=\"3263\"><strong data-start=\"3168\" data-end=\"3193\">Mundst\u00fcckschutz<\/strong>: Die Hygiene wird durch eine integrierte Schutzfunktion f\u00fcr das Mundst\u00fcck aufrechterhalten.<\/p>\n<\/li>\n<li class=\"\" data-start=\"3264\" data-end=\"3364\">\n<p class=\"\" data-start=\"3266\" data-end=\"3364\"><strong data-start=\"3266\" data-end=\"3288\">30-min\u00fctiges Laden<\/strong>: Das Ger\u00e4t l\u00e4dt <strong data-start=\"3309\" data-end=\"3323\">30% schneller<\/strong>, vollst\u00e4ndig aufgeladen in nur <strong data-start=\"3349\" data-end=\"3363\">30 Minuten<\/strong>.<\/p>\n<\/li>\n<li class=\"\" data-start=\"3365\" data-end=\"3412\">\n<p class=\"\" data-start=\"3367\" data-end=\"3412\"><strong data-start=\"3367\" data-end=\"3379\">MTL Vape<\/strong>: Ideal f\u00fcr Mouth-to-Lung-Dampfen.<\/p>\n<\/li>\n<li class=\"\" data-start=\"3413\" data-end=\"3508\">\n<p class=\"\" data-start=\"3415\" data-end=\"3508\"><strong data-start=\"3415\" data-end=\"3431\">Umweltfreundlich<\/strong>: Hergestellt aus <strong data-start=\"3443\" data-end=\"3477\">postkonsumierendes Recyclingkunststoff<\/strong> F\u00fcr eine nachhaltigere Wahl.<\/p>\n<\/li>\n<li class=\"\" data-start=\"3509\" data-end=\"3600\">\n<p class=\"\" data-start=\"3511\" data-end=\"3600\"><strong data-start=\"3511\" data-end=\"3528\">TPD-konform<\/strong>: Vollst\u00e4ndig konform mit EU-Vorschriften, was es f\u00fcr den Verkauf und die Nutzung rechtlich zul\u00e4ssig macht.<\/p>\n<\/li>\n<li class=\"\" data-start=\"3601\" data-end=\"3683\">\n<p class=\"\" data-start=\"3603\" data-end=\"3683\"><strong data-start=\"3603\" data-end=\"3628\">Elegantes Marmormusterdesign<\/strong>: Ein stilvolles und modernes Design, das seiner Funktionalit\u00e4t entspricht.<\/p>\n<\/li>\n<\/ul>\n<h3 class=\"\" data-start=\"3685\" data-end=\"3736\">Detaillierte Geschmacksliste f\u00fcr Vozol Star 12000 Puffs<\/h3>\n<p class=\"\" data-start=\"3738\" data-end=\"3959\">The \nbecomes \nDie \nno change needed \nthus output \nDie <strong data-start=\"3742\" data-end=\"3768\">Vozol Star 12000 Puffs<\/strong> ist in einer Vielzahl von verlockenden und erfrischenden Geschmacksrichtungen erh\u00e4ltlich und bietet eine breite Palette von Auswahlm\u00f6glichkeiten f\u00fcr jeden Dampfer. Nachfolgend sind die <strong data-start=\"3896\" data-end=\"3918\">25 Premium-Aromen<\/strong> Verf\u00fcgbar in diesem aufladbaren Vape-Pen:<\/p>\n<ol data-start=\"3961\" data-end=\"5886\">\n<li class=\"\" data-start=\"3961\" data-end=\"4083\">\n<p class=\"\" data-start=\"3964\" data-end=\"4083\"><strong data-start=\"3964\" data-end=\"3981\">Blauer Razz-Eis<\/strong><br data-start=\"3981\" data-end=\"3984\" \/>Eine prickelnde Mischung aus reifen Himbeeren mit einem erfrischenden Eis-Finish f\u00fcr ein belebendes Vape-Erlebnis.<\/p>\n<\/li>\n<li class=\"\" data-start=\"4085\" data-end=\"4212\">\n<p class=\"\" data-start=\"4088\" data-end=\"4212\"><strong data-start=\"4088\" data-end=\"4107\">Blaubeer Sturm<\/strong><br data-start=\"4107\" data-end=\"4110\" \/>S\u00fc\u00dfe, saftige Blaubeeren gemischt mit einer subtilen S\u00e4ure, erzeugen einen Sturm von Geschmack mit jedem Puff.<\/p>\n<\/li>\n<li class=\"\" data-start=\"4214\" data-end=\"4329\">\n<p class=\"\" data-start=\"4217\" data-end=\"4329\"><strong data-start=\"4217\" data-end=\"4230\">K\u00fchl Minze<\/strong><br data-start=\"4230\" data-end=\"4233\" \/>Ein knackiger und erfrischender Minzgeschmack, der bei jedem Zug ein sanftes, k\u00fchlendes Gef\u00fchl bietet.<\/p>\n<\/li>\n<li class=\"\" data-start=\"4331\" data-end=\"4456\">\n<p class=\"\" data-start=\"4334\" data-end=\"4456\"><strong data-start=\"4334\" data-end=\"4347\">Trauben Eis<\/strong><br data-start=\"4347\" data-end=\"4350\" \/>Eine leckere Balance aus s\u00fc\u00dfen, reifen Trauben mit einem eisigen, k\u00fchlen Ausatem, der einen erfrischenden Nachgeschmack hinterl\u00e4sst.<\/p>\n<\/li>\n<li class=\"\" data-start=\"4458\" data-end=\"4614\">\n<p class=\"\" data-start=\"4461\" data-end=\"4614\"><strong data-start=\"4461\" data-end=\"4489\">Kiwi Passionsfrucht Guava<\/strong><br data-start=\"4489\" data-end=\"4492\" \/>Eine exotische Kombination aus s\u00e4uerlichem Kiwi, tropischem Passionsfrucht und glattem Guava, die eine Fruchtvielfalt wie keine andere liefert.<\/p>\n<\/li>\n<li class=\"\" data-start=\"4616\" data-end=\"4748\">\n<p class=\"\" data-start=\"4619\" data-end=\"4748\"><strong data-start=\"4619\" data-end=\"4636\">Gemischte Beeren<\/strong><br data-start=\"4636\" data-end=\"4639\" \/>Eine s\u00fc\u00dfe, fruchtige Mischung aus Erdbeeren, Blaubeeren und Himbeeren f\u00fcr einen Ausbruch nat\u00fcrlicher Beeren-G\u00fcte.<\/p>\n<\/li>\n<li class=\"\" data-start=\"4750\" data-end=\"4885\">\n<p class=\"\" data-start=\"4753\" data-end=\"4885\"><strong data-start=\"4753\" data-end=\"4779\">Pfirsich Mango Wassermelone<\/strong><br data-start=\"4779\" data-end=\"4782\" \/>Eine saftige Trio aus Pfirsichen, Mangos und Wassermelonen, die ein erfrischendes, tropisches Fr\u00fcchterlebnis bietet.<\/p>\n<\/li>\n<li class=\"\" data-start=\"4887\" data-end=\"4996\">\n<p class=\"\" data-start=\"4890\" data-end=\"4996\"><strong data-start=\"4890\" data-end=\"4907\">Rosa Limonade<\/strong><br data-start=\"4907\" data-end=\"4910\" \/>Ein saurer, zitroniger Limonade-Mix mit s\u00fc\u00dfen, fruchtigen Noten f\u00fcr ein perfektes Sommer-Vape.<\/p>\n<\/li>\n<li class=\"\" data-start=\"4998\" data-end=\"5130\">\n<p class=\"\" data-start=\"5001\" data-end=\"5130\"><strong data-start=\"5001\" data-end=\"5025\">Himbeere Wassermelone<\/strong><br data-start=\"5025\" data-end=\"5028\" \/>Eine s\u00fc\u00dfe, erfrischende Kombination aus reifen Himbeeren und saftigem Wassermelone f\u00fcr ein mundwassermachendes Erlebnis.<\/p>\n<\/li>\n<li class=\"\" data-start=\"5132\" data-end=\"5255\">\n<p class=\"\" data-start=\"5136\" data-end=\"5255\"><strong data-start=\"5136\" data-end=\"5154\">Sauer Apfel Eis<\/strong><br data-start=\"5154\" data-end=\"5157\" \/>Tarte, knackige gr\u00fcne \u00c4pfel kombiniert mit einer K\u00e4lte von Eis f\u00fcr einen scharfen, s\u00fc\u00dfen und erfrischenden Dampf.<\/p>\n<\/li>\n<li class=\"\" data-start=\"5257\" data-end=\"5379\">\n<p class=\"\" data-start=\"5261\" data-end=\"5379\"><strong data-start=\"5261\" data-end=\"5285\">Erdbeereis<\/strong><br data-start=\"5285\" data-end=\"5288\" \/>S\u00fc\u00dfe, cremige Erdbeeren, gemischt in eine Eiscreme-Geschmacksrichtung, die glatt und luxuri\u00f6s ist.<\/p>\n<\/li>\n<li class=\"\" data-start=\"5381\" data-end=\"5505\">\n<p class=\"\" data-start=\"5385\" data-end=\"5505\"><strong data-start=\"5385\" data-end=\"5404\">Erdbeere Kiwi<\/strong><br data-start=\"5404\" data-end=\"5407\" \/>Eine klassische Geschmackscombination von reifen Erdbeeren und s\u00e4uerlichen Kiwis, perfekt f\u00fcr fruchtliebende Vaper.<\/p>\n<\/li>\n<li class=\"\" data-start=\"5507\" data-end=\"5625\">\n<p class=\"\" data-start=\"5511\" data-end=\"5625\"><strong data-start=\"5511\" data-end=\"5522\">Tabak<\/strong><br data-start=\"5522\" data-end=\"5525\" \/>Ein reicher, robuster Tabakgeschmack f\u00fcr diejenigen, die ein traditionelleres und intensiveres Vaperlebnis verlangen.<\/p>\n<\/li>\n<li class=\"\" data-start=\"5627\" data-end=\"5751\">\n<p class=\"\" data-start=\"5631\" data-end=\"5751\"><strong data-start=\"5631\" data-end=\"5656\">Wassermelonen Kaugummi<\/strong><br data-start=\"5656\" data-end=\"5659\" \/>S\u00fc\u00dfe, saftige Wassermelone, kombiniert mit einem Kaugummi-Geschmack f\u00fcr eine nostalgische, fruchtige Freude.<\/p>\n<\/li>\n<li class=\"\" data-start=\"5753\" data-end=\"5886\">\n<p class=\"\" data-start=\"5757\" data-end=\"5886\"><strong data-start=\"5757\" data-end=\"5775\">Wassermelonen-Eis<\/strong><br data-start=\"5775\" data-end=\"5778\" \/>Eine erfrischende Kombination aus saftigem Wassermelone mit einem k\u00fchlen Eisabgang, die ein ausgewogenes Geschmacksprofil bietet.<\/p>\n<\/li>\n<\/ol>\n<h3 class=\"\" data-start=\"5888\" data-end=\"5926\">Warum Vozol Star 12000 Puffs w\u00e4hlen?<\/h3>\n<p class=\"\" data-start=\"5928\" data-end=\"6390\">Wenn du suchst nach einem <strong data-start=\"5952\" data-end=\"6004\">zuverl\u00e4ssige und leistungsstarke Einweg-Vape-Pen<\/strong>der <strong data-start=\"6010\" data-end=\"6036\">Vozol Star 12000 Puffs<\/strong> ist die ideale Wahl. Mit einer Vielzahl leckerer Aromen, ein <strong data-start=\"6097\" data-end=\"6120\">umweltfreundliches Design<\/strong>und beeindruckender Technologie, die einen \u00fcberlegenen Geschmack und Leistung gew\u00e4hrleistet, ist dieses Ger\u00e4t ein Highlight auf dem Vaping-Markt. Ob Sie gerade erst Ihre Vaping-Reise beginnen oder ein erfahrener Benutzer sind, dieser Stift bietet ein nahtloses Erlebnis, das Sie sicherlich zufriedenstellt.<\/p>\n<h3 class=\"\" data-start=\"6392\" data-end=\"6435\">Wo kann man die Vozol Star 12000 Puffs kaufen<\/h3>\n<p class=\"\" data-start=\"6437\" data-end=\"6852\">The \nbecomes \nDie \nno change needed \nthus output \nDie <strong data-start=\"6441\" data-end=\"6467\">Vozol Star 12000 Puffs<\/strong> ist direkt zum Kauf erh\u00e4ltlich von <strong data-start=\"6508\" data-end=\"6526\">FumotXpress.de<\/strong>, die gr\u00f6\u00dfte Online-Handelsplattform f\u00fcr <strong data-start=\"6567\" data-end=\"6598\">Einweg-Elektronikzigaretten in Deutschland<\/strong>Wir bieten <strong data-start=\"6609\" data-end=\"6642\">Einzelhandelsums\u00e4tze auf dem EU-Markt<\/strong>und <strong data-start=\"6648\" data-end=\"6660\">Versand<\/strong> Von unserem europ\u00e4ischen Lager garantiert <strong data-start=\"6700\" data-end=\"6717\">Schnelllieferung<\/strong> innerhalb <strong data-start=\"6725\" data-end=\"6737\">3-7 Tage<\/strong>. Es ist keine Mindestbestellmenge erforderlich, und wir gew\u00e4hrleisten, dass unsere Kunden erhalten <strong data-start=\"6819\" data-end=\"6851\">Originale, authentische Produkte<\/strong>.<\/p>\n<p class=\"\" data-start=\"6854\" data-end=\"7061\">Erfahren Sie Bequemlichkeit, Leistung und Geschmack mit dem <strong data-start=\"6911\" data-end=\"6979\">Vozol Star 12000 Puffs Nikotin Aufladbare Einweg-Vape-Pen<\/strong> heute. Entdecken Sie unsere breite Palette an <strong data-start=\"7013\" data-end=\"7024\">Aromen<\/strong> und Ihr Vaperlebnis verbessern.<\/p>\n<hr class=\"\" data-start=\"7063\" data-end=\"7066\" \/>\n<p class=\"\" data-start=\"7068\" data-end=\"7213\">F\u00fchlen Sie sich frei, uns f\u00fcr weitere Fragen oder Unterst\u00fctzung bez\u00fcglich Ihres Kaufs zu kontaktieren <strong data-start=\"7162\" data-end=\"7188\">Vozol Star 12000 Puffs<\/strong> von <strong data-start=\"7194\" data-end=\"7212\">FumotXpress.de<\/strong>.<\/p>","protected":false},"excerpt":{"rendered":"<p>Kaufe das Original <strong data-start=\"17\" data-end=\"85\">Vozol Star 12000 Puffs Nikotin Aufladbare Einweg-Vape-Pen<\/strong> Bei FumotXpress.de. Genie\u00dfen Sie 25 leckere Aromen, schnelles 30-Minuten-Laden und umweltfreundliches Design. Lieferung innerhalb von 3-7 Tagen in der gesamten EU.<\/p>","protected":false},"featured_media":3568,"comment_status":"open","ping_status":"closed","template":"","meta":{"om_disable_all_campaigns":false},"product_brand":[],"product_cat":[23],"product_tag":[],"class_list":{"0":"post-3534","1":"product","2":"type-product","3":"status-publish","4":"has-post-thumbnail","6":"product_cat-vozol-disposable-vapes","8":"first","9":"instock","10":"shipping-taxable","11":"purchasable","12":"product-type-variable"},"_links":{"self":[{"href":"https:\/\/fumotxpress.de\/de\/wp-json\/wp\/v2\/product\/3534","targetHints":{"allow":["GET"]}}],"collection":[{"href":"https:\/\/fumotxpress.de\/de\/wp-json\/wp\/v2\/product"}],"about":[{"href":"https:\/\/fumotxpress.de\/de\/wp-json\/wp\/v2\/types\/product"}],"replies":[{"embeddable":true,"href":"https:\/\/fumotxpress.de\/de\/wp-json\/wp\/v2\/comments?post=3534"}],"wp:featuredmedia":[{"embeddable":true,"href":"https:\/\/fumotxpress.de\/de\/wp-json\/wp\/v2\/media\/3568"}],"wp:attachment":[{"href":"https:\/\/fumotxpress.de\/de\/wp-json\/wp\/v2\/media?parent=3534"}],"wp:term":[{"taxonomy":"product_brand","embeddable":true,"href":"https:\/\/fumotxpress.de\/de\/wp-json\/wp\/v2\/product_brand?post=3534"},{"taxonomy":"product_cat","embeddable":true,"href":"https:\/\/fumotxpress.de\/de\/wp-json\/wp\/v2\/product_cat?post=3534"},{"taxonomy":"product_tag","embeddable":true,"href":"https:\/\/fumotxpress.de\/de\/wp-json\/wp\/v2\/product_tag?post=3534"}],"curies":[{"name":"wp","href":"https:\/\/api.w.org\/{rel}","templated":true}]}}