{"id":3476,"date":"2025-03-25T06:18:43","date_gmt":"2025-03-25T06:18:43","guid":{"rendered":"https:\/\/fumotxpress.de\/?post_type=product&#038;p=3476"},"modified":"2025-12-12T09:20:37","modified_gmt":"2025-12-12T09:20:37","slug":"smpo-tron35000-puffs-nikotin-kaufen-original-authentisch-wiederaufladbar-wegwerfbaren-vapes-pen","status":"publish","type":"product","link":"https:\/\/fumotxpress.de\/de\/produkt\/smpo-tron35000-puffs-nikotin-kaufen-original-authentisch-wiederaufladbar-wegwerfbaren-vapes-pen\/","title":{"rendered":"SMPO TRON35000 Puffs Nikotin Kaufen Original Authentisch Aufladbare Einweg-Vapes Pen"},"content":{"rendered":"<article class=\"group\/turn w-full text-token-text-primary focus-visible:outline-none\" dir=\"auto\" tabindex=\"-1\" data-testid=\"conversation-turn-4\" data-scroll-anchor=\"true\">\n<div class=\"text-base my-auto mx-auto py-5 px-6\">\n<div class=\"mx-auto flex flex-1 text-base gap-4 md:gap-5 lg:gap-6 md:max-w-3xl lg:max-w-[40rem] xl:max-w-[48rem]\">\n<div class=\"group\/conversation-turn relative flex w-full min-w-0 flex-col agent-turn @xs\/thread:px-0 @sm\/thread:px-1.5 @md\/thread:px-4\">\n<div class=\"relative flex-col gap-1 md:gap-3\">\n<div class=\"flex max-w-full flex-col flex-grow\">\n<div class=\"min-h-8 text-message relative flex w-full flex-col items-end gap-2 whitespace-normal break-words text-start [.text-message+&amp;]:mt-5\" dir=\"auto\" data-message-author-role=\"assistant\" data-message-id=\"7b9d3162-65e3-476c-a359-47808af6c3e8\" data-message-model-slug=\"gpt-4o\">\n<div class=\"flex w-full flex-col gap-1 empty:hidden first:pt-[3px]\">\n<div class=\"markdown prose w-full break-words dark:prose-invert light\">\n<h2 class=\"\" data-start=\"0\" data-end=\"75\">SMPO TRON35000 Puffs Einweg-Vape-Stift: Das ultimative Shisha-Erlebnis<\/h2>\n<div style=\"width: 1020px;\" class=\"wp-video\"><!--[if lt IE 9]><script>document.createElement('video');<\/script><![endif]-->\n<video class=\"wp-video-shortcode\" id=\"video-3476-1\" width=\"1020\" height=\"574\" preload=\"metadata\" controls=\"controls\"><source type=\"video\/mp4\" src=\"https:\/\/fumotxpress.de\/wp-content\/uploads\/2025\/03\/Smpo-TRON35000-Shisha-\uff082\uff09.mp4?_=1\" \/><a href=\"https:\/\/fumotxpress.de\/wp-content\/uploads\/2025\/03\/Smpo-TRON35000-Shisha-\uff082\uff09.mp4\">https:\/\/fumotxpress.de\/wp-content\/uploads\/2025\/03\/Smpo-TRON35000-Shisha-\uff082\uff09.mp4<\/a><\/video><\/div>\n<p class=\"\" data-start=\"77\" data-end=\"763\">The \nbecomes \nDie \nno change needed \nthus output \nDie <strong data-start=\"81\" data-end=\"125\">SMPO TRON35000 Puffs Einweg-Vape-Stift<\/strong> ist ein hochmodernes Verdampfungsger\u00e4t, das ein unvergleichliches Erlebnis f\u00fcr diejenigen bietet, die rauen, aromatischen Dampf lieben. Mit einem <strong data-start=\"245\" data-end=\"269\">35.000 Puff-Kapazit\u00e4t<\/strong>, <strong data-start=\"271\" data-end=\"294\">niedrige Nikotinwerte<\/strong>Mit einer Reihe innovativer Funktionen bringt dieses Ger\u00e4t das Wegwerfen von E-Zigaretten auf neue H\u00f6hen. Ideal f\u00fcr diejenigen, die ein Premium-Erlebnis ohne Aufwand suchen, vereint das SMPO TRON35000 Technologie, Komfort und au\u00dfergew\u00f6hnlichen Geschmack in einem schlanken, aufladbaren Paket. Zum Kauf exklusiv erh\u00e4ltlich bei <strong data-start=\"608\" data-end=\"626\">FumotXpress.de<\/strong>, die gr\u00f6\u00dfte Online-Handelsplattform f\u00fcr Einweg-Vapes in Deutschland, verspricht dieses Ger\u00e4t Authentizit\u00e4t und Zufriedenheit mit jedem Zug.<\/p>\n<h3 class=\"\" data-start=\"765\" data-end=\"825\">Warum sollten Sie sich f\u00fcr den SMPO TRON35000 Puffs Disposable Vape Pen entscheiden?<\/h3>\n<p class=\"\" data-start=\"827\" data-end=\"1282\">Das SMPO TRON35000 hebt sich von anderen Einweg-Vapes auf dem Markt ab und bietet eine einzigartige Mischung aus hochwertigen Materialien, fortschrittlichen Funktionen und modernster Technologie. Ob Sie ein erfahrener Dampfer sind oder neu in der Welt der Einweg-Vapes, dieses Ger\u00e4t ist darauf ausgelegt, bei jedem Gebrauch ein au\u00dfergew\u00f6hnliches Erlebnis zu bieten. Lassen Sie uns einen genaueren Blick auf die herausragenden Funktionen und Vorteile werfen, die das SMPO TRON35000 zur idealen Wahl f\u00fcr Ihre Dampfbed\u00fcrfnisse machen.<\/p>\n<p data-start=\"827\" data-end=\"1282\"><img loading=\"lazy\" decoding=\"async\" class=\"alignnone size-full wp-image-3479\" src=\"https:\/\/fumotxpress.de\/wp-content\/uploads\/2025\/03\/01-scaled.jpg\" alt=\"\" width=\"2560\" height=\"2560\" srcset=\"https:\/\/fumotxpress.de\/wp-content\/uploads\/2025\/03\/01-scaled.jpg 2560w, https:\/\/fumotxpress.de\/wp-content\/uploads\/2025\/03\/01-300x300.jpg 300w, https:\/\/fumotxpress.de\/wp-content\/uploads\/2025\/03\/01-1024x1024.jpg 1024w, https:\/\/fumotxpress.de\/wp-content\/uploads\/2025\/03\/01-150x150.jpg 150w, https:\/\/fumotxpress.de\/wp-content\/uploads\/2025\/03\/01-768x768.jpg 768w, https:\/\/fumotxpress.de\/wp-content\/uploads\/2025\/03\/01-1536x1536.jpg 1536w, https:\/\/fumotxpress.de\/wp-content\/uploads\/2025\/03\/01-2048x2048.jpg 2048w, https:\/\/fumotxpress.de\/wp-content\/uploads\/2025\/03\/01-12x12.jpg 12w, https:\/\/fumotxpress.de\/wp-content\/uploads\/2025\/03\/01-247x247.jpg 247w, https:\/\/fumotxpress.de\/wp-content\/uploads\/2025\/03\/01-600x600.jpg 600w, https:\/\/fumotxpress.de\/wp-content\/uploads\/2025\/03\/01-100x100.jpg 100w\" sizes=\"auto, (max-width: 2560px) 100vw, 2560px\" \/><\/p>\n<h3 class=\"\" data-start=\"1284\" data-end=\"1344\">Merkmale des SMPO TRON35000 Puffs Einweg-Vape Pens<\/h3>\n<ul data-start=\"1346\" data-end=\"4600\">\n<li class=\"\" data-start=\"1346\" data-end=\"1740\">\n<p class=\"\" data-start=\"1348\" data-end=\"1740\"><strong data-start=\"1348\" data-end=\"1372\">35.000 Puff-Kapazit\u00e4t<\/strong>: Eine der beeindruckendsten Eigenschaften des SMPO TRON35000 ist seine au\u00dfergew\u00f6hnliche <strong data-start=\"1453\" data-end=\"1477\">35.000 Puff-Kapazit\u00e4t<\/strong>Dies bedeutet, dass Benutzer langanhaltende, unterbrechungsfreie Dampf-Sitzungen genie\u00dfen k\u00f6nnen, ohne das Ger\u00e4t h\u00e4ufig ersetzen oder aufladen zu m\u00fcssen. Ob Sie ein gelegentlicher Dampfer oder ein h\u00e4ufiger Benutzer sind, diese hohe Anzahl an Z\u00fcgen gew\u00e4hrleistet, dass Sie einen hervorragenden Gegenwert f\u00fcr Ihr Geld erhalten.<\/p>\n<\/li>\n<li class=\"\" data-start=\"1744\" data-end=\"2159\">\n<p class=\"\" data-start=\"1746\" data-end=\"2159\"><strong data-start=\"1746\" data-end=\"1773\">Triple-Mesh-Coil-System<\/strong>: Ausgestattet mit einer fortschrittlichen <strong data-start=\"1801\" data-end=\"1828\">Triple-Mesh-Coil-System<\/strong>, das SMPO TRON35000 sorgt f\u00fcr eine reibungslose und gleichm\u00e4\u00dfige Dampfproduktion bei jedem Zug. Die Mesh-Coils erm\u00f6glichen eine gleichm\u00e4\u00dfige W\u00e4rmeverteilung, was zu reichen und intensiven Aromen ohne jeden verbrannten Geschmack f\u00fchrt. Die verbesserte Coil-Technologie stellt sicher, dass Sie das volle Potenzial jedes E-Liquids erleben, wodurch jeder Zug genauso befriedigend ist wie der letzte.<\/p>\n<\/li>\n<li class=\"\" data-start=\"2161\" data-end=\"2621\">\n<p class=\"\" data-start=\"2163\" data-end=\"2621\"><strong data-start=\"2163\" data-end=\"2212\">Niedrige Nikotinst\u00e4rke f\u00fcr ein sanfteres Erlebnis<\/strong>: Der <strong data-start=\"2218\" data-end=\"2234\">niedriger Nikotingehalt<\/strong> Die Formulierung des SMPO TRON35000 macht es ideal f\u00fcr diejenigen, die eine mildere und angenehmere Dampferfahrung bevorzugen. Es bietet genau das richtige Gleichgewicht zwischen Geschmack und Nikotinst\u00e4rke, ohne dass es zu einem unangenehmen Kratzen im Hals kommt, und erm\u00f6glicht so eine m\u00fchelose und entspannte Sitzung. Dies macht es perfekt f\u00fcr diejenigen, die auf eine niedrigere Nikotinzufuhr umsteigen m\u00f6chten oder die ein sanfteres Dampfen genie\u00dfen.<\/p>\n<\/li>\n<li class=\"\" data-start=\"2623\" data-end=\"3033\">\n<p class=\"\" data-start=\"2625\" data-end=\"3033\"><strong data-start=\"2625\" data-end=\"2653\">Aufladbare Bequemlichkeit<\/strong>: Im Gegensatz zu den meisten herk\u00f6mmlichen Einweg-Vapes, <strong data-start=\"2701\" data-end=\"2719\">SMPO TRON35000<\/strong> ist <strong data-start=\"2723\" data-end=\"2739\">wiederaufladbar<\/strong>, bietet eine nachhaltigere und langlebigere Option. Laden Sie das Ger\u00e4t einfach auf, wenn der Akku schwach ist, und Sie k\u00f6nnen die gleiche gro\u00dfartige Leistung weiterhin genie\u00dfen, ohne dass Sie die gesamte E-Zigarette entsorgen m\u00fcssen. Diese umweltfreundliche Funktion reduziert Abfall und maximiert den Wert jedes Kaufs.<\/p>\n<\/li>\n<li class=\"\" data-start=\"3035\" data-end=\"3471\">\n<p class=\"\" data-start=\"3037\" data-end=\"3471\"><strong data-start=\"3037\" data-end=\"3082\">Intelligentes LED-Display f\u00fcr Echtzeit\u00fcberwachung<\/strong>: Der <strong data-start=\"3088\" data-end=\"3108\">intelligentes LED-Display<\/strong> Integriert in das SMPO TRON35000 bietet eine moderne und praktische Funktion f\u00fcr Benutzer. Es liefert Echtzeitinformationen \u00fcber beide <strong data-start=\"3239\" data-end=\"3250\">Batterie<\/strong> und <strong data-start=\"3255\" data-end=\"3274\">E-Liquid-St\u00e4nde<\/strong>, sodass Sie immer genau wissen, wann es Zeit zum Aufladen oder Nachf\u00fcllen ist. Dies hilft sicherzustellen, dass Ihnen nie unerwartet der Strom oder das E-Liquid ausgeht, was Ihnen ein nahtloses und problemloses Vaperlebnis bietet.<\/p>\n<\/li>\n<li class=\"\" data-start=\"3473\" data-end=\"3831\">\n<p class=\"\" data-start=\"3475\" data-end=\"3831\"><strong data-start=\"3475\" data-end=\"3501\">Elegantes, portables Design<\/strong>Das SMPO TRON35000 ist mit Blick auf Portabilit\u00e4t konzipiert. Sein schlanker, leichter K\u00f6rper erleichtert den Transport und erm\u00f6glicht es Ihnen, ihn unterwegs mitzunehmen, ohne Stil oder Funktionalit\u00e4t zu opfern. Das kompakte Design sorgt daf\u00fcr, dass er bequem in Ihre Hand oder Tasche passt, was ihn zur idealen E-Zigarette f\u00fcr diejenigen macht, die Wert auf Bequemlichkeit und Mobilit\u00e4t legen.<\/p>\n<\/li>\n<li class=\"\" data-start=\"3833\" data-end=\"4252\">\n<p class=\"\" data-start=\"3835\" data-end=\"4252\"><strong data-start=\"3835\" data-end=\"3856\">Authentische Qualit\u00e4t<\/strong>: Wenn Sie das kaufen <strong data-start=\"3880\" data-end=\"3898\">SMPO TRON35000<\/strong> von <strong data-start=\"3904\" data-end=\"3922\">FumotXpress.de<\/strong>, Sie sind garantiert ein <strong data-start=\"3945\" data-end=\"3976\">echtes, originales Produkt<\/strong>FumotXpress.de verpflichtet sich, nur echte, hochwertige Einweg-Vapes anzubieten, die direkt von vertrauensw\u00fcrdigen Marken wie bezogen werden. <strong data-start=\"4106\" data-end=\"4114\">SMPO<\/strong>Unsere Kunden k\u00f6nnen ihre Vaping-Erfahrung selbstbewusst genie\u00dfen, da sie wissen, dass sie ein Produkt verwenden, das mit Qualit\u00e4t und Zuverl\u00e4ssigkeit im Sinn entwickelt wurde.<\/p>\n<\/li>\n<li class=\"\" data-start=\"4254\" data-end=\"4600\">\n<p class=\"\" data-start=\"4256\" data-end=\"4600\"><strong data-start=\"4256\" data-end=\"4287\">Schneller Versand innerhalb der EU<\/strong>: Als gr\u00f6\u00dfter Einzelh\u00e4ndler f\u00fcr Einweg-E-Zigaretten in Deutschland, <strong data-start=\"4341\" data-end=\"4359\">FumotXpress.de<\/strong> direkt von unserem <strong data-start=\"4384\" data-end=\"4406\">Europ\u00e4isches Lager<\/strong>sicherzustellen, dass Ihre Bestellungen innerhalb <strong data-start=\"4448\" data-end=\"4460\">3-7 Tage<\/strong>Es gibt keine Mindestbestellmenge, und wir beliefern sowohl einzelne K\u00e4ufer als auch Einzelhandelsgruppen, wodurch es f\u00fcr Sie leicht ist, nach Bedarf zu kaufen.<\/p>\n<\/li>\n<\/ul>\n<hr class=\"\" data-start=\"4602\" data-end=\"4605\" \/>\n<h3 class=\"\" data-start=\"4607\" data-end=\"4660\">SMPO TRON35000 Aromen: Ein Aroma f\u00fcr jeden Geschmack<\/h3>\n<p class=\"\" data-start=\"4662\" data-end=\"4981\">Einer der aufregendsten Aspekte der <strong data-start=\"4702\" data-end=\"4720\">SMPO TRON35000<\/strong> ist die breite Vielfalt an leckeren Aromen, die es bietet. Ob Sie nach einer fruchtigen Mischung, einem klassischen minzigen Kick oder etwas Exotischerem verlangen, gibt es ein Aroma, das jedem Geschmack gerecht wird. Nachfolgend finden Sie einen detaillierten \u00dcberblick \u00fcber die verf\u00fcgbaren Aromen in der SMPO TRON35000-Kollektion.<\/p>\n<ol data-start=\"4983\" data-end=\"7063\">\n<li class=\"\" data-start=\"4983\" data-end=\"5279\">\n<p class=\"\" data-start=\"4986\" data-end=\"5279\"><strong data-start=\"4986\" data-end=\"5001\">Berry Burst<\/strong>Eine erfrischende Kombination aus s\u00fc\u00dfen, s\u00e4uerlichen Beeren, <strong data-start=\"5053\" data-end=\"5068\">Berry Burst<\/strong> Liefert mit jedem Zug eine Explosion von fruchtiger G\u00fcte. Die Balance von Erdbeere, Himbeere und Blaubeere schafft ein mundwassermachendes Erlebnis, das perfekt f\u00fcr diejenigen ist, die lebendige und erfrischende Aromen lieben.<\/p>\n<\/li>\n<li class=\"\" data-start=\"5281\" data-end=\"5538\">\n<p class=\"\" data-start=\"5284\" data-end=\"5538\"><strong data-start=\"5284\" data-end=\"5297\">K\u00fchl Minze<\/strong>F\u00fcr diejenigen, die ein knackiges, erfrischendes Vape genie\u00dfen, <strong data-start=\"5347\" data-end=\"5360\">K\u00fchl Minze<\/strong> bietet eine zufriedenstellende Mischung aus k\u00fchlendem Menthol mit einer subtilen S\u00fc\u00dfe. Es ist die perfekte Wahl f\u00fcr jeden, der nach einem erfrischenden Kick sucht, der den Mund frisch und sauber hinterl\u00e4sst.<\/p>\n<\/li>\n<li class=\"\" data-start=\"5540\" data-end=\"5800\">\n<p class=\"\" data-start=\"5543\" data-end=\"5800\"><strong data-start=\"5543\" data-end=\"5561\">Tropischer Mango<\/strong>: <strong data-start=\"5563\" data-end=\"5581\">Tropischer Mango<\/strong> transportiert Sie direkt an einen sonnigen Strand mit seinem reichen, saftigen Mango-Geschmack. Die tropische S\u00fc\u00dfe, kombiniert mit einem glatten, cremigen Abgang, macht diesen Geschmack zu einer unwiderstehlichen Wahl f\u00fcr diejenigen, die exotische Fruchtblends genie\u00dfen.<\/p>\n<\/li>\n<li class=\"\" data-start=\"5802\" data-end=\"6043\">\n<p class=\"\" data-start=\"5805\" data-end=\"6043\"><strong data-start=\"5805\" data-end=\"5823\">Wassermelonen-Eis<\/strong>: <strong data-start=\"5825\" data-end=\"5843\">Wassermelonen-Eis<\/strong> ist die perfekte Kombination aus erfrischender Wassermelone und eisigem Menthol. Dieser Geschmack bietet ein knackiges und k\u00fchlendes Gef\u00fchl mit jedem Zug, ideal f\u00fcr diejenigen, die nach etwas S\u00fc\u00dfem, K\u00fchlendem und Befriedigendem verlangen.<\/p>\n<\/li>\n<li class=\"\" data-start=\"6045\" data-end=\"6285\">\n<p class=\"\" data-start=\"6048\" data-end=\"6285\"><strong data-start=\"6048\" data-end=\"6067\">Citrus-Limonade<\/strong>F\u00fcr einen scharfen und zitronigen Kick, <strong data-start=\"6099\" data-end=\"6118\">Citrus-Limonade<\/strong> ist ein absolutes Vergn\u00fcgen. Der zitronige Zitronengeschmack ist perfekt mit einer Note S\u00fc\u00dfe ausbalanciert, was einen kr\u00e4ftigen, aber dennoch erfrischenden Geschmack liefert, der perfekt f\u00fcr das ganzt\u00e4gige Dampfen geeignet ist.<\/p>\n<\/li>\n<li class=\"\" data-start=\"6287\" data-end=\"6523\">\n<p class=\"\" data-start=\"6290\" data-end=\"6523\"><strong data-start=\"6290\" data-end=\"6306\">Trauben Fusion<\/strong>: <strong data-start=\"6308\" data-end=\"6324\">Trauben Fusion<\/strong> Kombiniert den s\u00fc\u00dfen und reichen Geschmack reifer Trauben mit einem Hauch von glatten, zuckrigen Untert\u00f6nen. Dieser Geschmack ist perfekt f\u00fcr diejenigen, die ein kr\u00e4ftiges, fruchtgef\u00fclltes Vape genie\u00dfen, das sowohl befriedigend als auch aromatisch ist.<\/p>\n<\/li>\n<li class=\"\" data-start=\"6525\" data-end=\"6779\">\n<p class=\"\" data-start=\"6528\" data-end=\"6779\"><strong data-start=\"6528\" data-end=\"6545\">Pfirsich-Sonnenaufgang<\/strong>: Der <strong data-start=\"6551\" data-end=\"6568\">Pfirsich-Sonnenaufgang<\/strong> Der Geschmack ist eine s\u00fc\u00dfe, saftige Pfirsich mit einer zitrusartigen Note, die perfekt f\u00fcr den Sommer ist. Er liefert einen tropischen, fruchtigen Geschmack, der sowohl erfrischend als auch beruhigend ist, perfekt f\u00fcr diejenigen, die ein mildes, aber aromatisches Vape genie\u00dfen.<\/p>\n<\/li>\n<li class=\"\" data-start=\"6781\" data-end=\"7063\">\n<p class=\"\" data-start=\"6784\" data-end=\"7063\"><strong data-start=\"6784\" data-end=\"6802\">Eis Erdbeere<\/strong>: F\u00fcr einen klassischen Fruchtgeschmack mit einer eisigen Note, <strong data-start=\"6850\" data-end=\"6868\">Eis Erdbeere<\/strong> ist die perfekte Wahl. Es kombiniert die S\u00fc\u00dfe reifer Erdbeeren mit einem k\u00fchlenden Menthol-Effekt und liefert ein erfrischendes Erlebnis, das ideal f\u00fcr diejenigen ist, die einen fruchtigen, aber knackigen Geschmack wollen.<\/p>\n<\/li>\n<\/ol>\n<hr class=\"\" data-start=\"7065\" data-end=\"7068\" \/>\n<h3 class=\"\" data-start=\"7070\" data-end=\"7122\">Warum SMPO TRON35000 von FumotXpress.de kaufen?<\/h3>\n<p class=\"\" data-start=\"7124\" data-end=\"7495\">An <strong data-start=\"7127\" data-end=\"7145\">FumotXpress.de<\/strong>wir sind stolz darauf, das Angebot zu machen <strong data-start=\"7173\" data-end=\"7217\">SMPO TRON35000 Puffs Einweg-Vape-Stift<\/strong> und andere hochwertige Einweg-Vapes direkt an Kunden in Deutschland und in der gesamten EU. Als die <strong data-start=\"7316\" data-end=\"7386\">gr\u00f6\u00dfte Online-Handelsplattform f\u00fcr Einweg-E-Zigaretten in Deutschland<\/strong>Wir konzentrieren uns darauf, ein einfaches und bequemes Einkaufserlebnis, schnelle Lieferung und hochwertige Produkte zu bieten.<\/p>\n<p class=\"\" data-start=\"7497\" data-end=\"7541\">Mit der Wahl von FumotXpress.de sind Sie sicher:<\/p>\n<ul data-start=\"7543\" data-end=\"7835\">\n<li class=\"\" data-start=\"7543\" data-end=\"7616\">\n<p class=\"\" data-start=\"7545\" data-end=\"7616\"><strong data-start=\"7545\" data-end=\"7567\">Authentische Produkte<\/strong>: Nur echte und hochwertige Einweg-Vapes.<\/p>\n<\/li>\n<li class=\"\" data-start=\"7617\" data-end=\"7692\">\n<p class=\"\" data-start=\"7619\" data-end=\"7692\"><strong data-start=\"7619\" data-end=\"7636\">Schneller Versand<\/strong>: Innerhalb von 3-7 Tagen ab unserem europ\u00e4ischen Lager geliefert.<\/p>\n<\/li>\n<li class=\"\" data-start=\"7693\" data-end=\"7757\">\n<p class=\"\" data-start=\"7695\" data-end=\"7757\"><strong data-start=\"7695\" data-end=\"7715\">Keine Mindestbestellung<\/strong>: Sie k\u00f6nnen so wenig wie 1 St\u00fcck auf einmal kaufen.<\/p>\n<\/li>\n<li class=\"\" data-start=\"7758\" data-end=\"7835\">\n<p class=\"\" data-start=\"7760\" data-end=\"7835\"><strong data-start=\"7760\" data-end=\"7776\">Gro\u00dfe Vielfalt<\/strong>: Entdecken Sie eine Vielzahl von Premium-Vape-Produkten von Top-Marken.<\/p>\n<\/li>\n<\/ul>\n<p><img loading=\"lazy\" decoding=\"async\" class=\"alignnone size-full wp-image-3478\" src=\"https:\/\/fumotxpress.de\/wp-content\/uploads\/2025\/03\/05-scaled.jpg\" alt=\"\" width=\"2560\" height=\"2560\" srcset=\"https:\/\/fumotxpress.de\/wp-content\/uploads\/2025\/03\/05-scaled.jpg 2560w, https:\/\/fumotxpress.de\/wp-content\/uploads\/2025\/03\/05-300x300.jpg 300w, https:\/\/fumotxpress.de\/wp-content\/uploads\/2025\/03\/05-1024x1024.jpg 1024w, https:\/\/fumotxpress.de\/wp-content\/uploads\/2025\/03\/05-150x150.jpg 150w, https:\/\/fumotxpress.de\/wp-content\/uploads\/2025\/03\/05-768x768.jpg 768w, https:\/\/fumotxpress.de\/wp-content\/uploads\/2025\/03\/05-1536x1536.jpg 1536w, https:\/\/fumotxpress.de\/wp-content\/uploads\/2025\/03\/05-2048x2048.jpg 2048w, https:\/\/fumotxpress.de\/wp-content\/uploads\/2025\/03\/05-12x12.jpg 12w, https:\/\/fumotxpress.de\/wp-content\/uploads\/2025\/03\/05-247x247.jpg 247w, https:\/\/fumotxpress.de\/wp-content\/uploads\/2025\/03\/05-600x600.jpg 600w, https:\/\/fumotxpress.de\/wp-content\/uploads\/2025\/03\/05-100x100.jpg 100w\" sizes=\"auto, (max-width: 2560px) 100vw, 2560px\" \/><\/p>\n<p>&nbsp;<\/p>\n<p class=\"\" data-start=\"7837\" data-end=\"8020\">Bereit, das Beste aus Einweg-Vapes zu erleben? Gehen Sie zu <strong data-start=\"7896\" data-end=\"7914\">FumotXpress.de<\/strong> Heute und entdecken Sie, warum wir die bevorzugte Plattform f\u00fcr sind <strong data-start=\"7968\" data-end=\"8008\">Authentische, originale Einweg-Vapes<\/strong> in Deutschland!<\/p>\n<\/div>\n<\/div>\n<\/div>\n<\/div>\n<div class=\"flex justify-start\">\n<div class=\"-me-1 -ms-2.5 flex select-none items-center p-1 touch:-me-2 touch:-ms-3.5 -mt-1 transition-[mask-position] [mask-image:linear-gradient(to_var(--mask-direction),black_33%,transparent_66%)] [mask-position:var(--mask-from-pos)] [mask-size:300%_100%] [--mask-direction:right] [--mask-from-pos:100%_0] [--mask-to-pos:0_0] duration-[1.5s]\"><\/div>\n<\/div>\n<div class=\"mt-3 w-full empty:hidden\">\n<div class=\"text-center\"><\/div>\n<\/div>\n<\/div>\n<div class=\"absolute\">\n<div class=\"flex items-center justify-center\"><\/div>\n<\/div>\n<\/div>\n<\/div>\n<\/div>\n<\/article>\n<div class=\"pointer-events-none h-px w-px\" aria-hidden=\"true\" data-edge=\"true\"><\/div>","protected":false},"excerpt":{"rendered":"<p>Der <strong data-start=\"4\" data-end=\"48\">SMPO TRON35000 Puffs Einweg-Vape-Stift<\/strong> Keine \u00dcbersetzung erforderlich, da der Text bereits auf Deutsch ist. \nbietet mit seinem innovativen Triple Mesh Coil-System, einer Kapazit\u00e4t von 35.000 Z\u00fcgen und einer intelligenten LED-Anzeige f\u00fcr Fl\u00fcssigkeits- und Batteriestand ein unvergleichliches Dampferlebnis bei gleichzeitig niedrigen Nikotinwerten.<\/p>","protected":false},"featured_media":3750,"comment_status":"open","ping_status":"closed","template":"","meta":{"om_disable_all_campaigns":false},"product_brand":[],"product_cat":[119],"product_tag":[],"class_list":{"0":"post-3476","1":"product","2":"type-product","3":"status-publish","4":"has-post-thumbnail","6":"product_cat-smpo-tron35000-puffs","8":"first","9":"instock","10":"shipping-taxable","11":"purchasable","12":"product-type-variable"},"_links":{"self":[{"href":"https:\/\/fumotxpress.de\/de\/wp-json\/wp\/v2\/product\/3476","targetHints":{"allow":["GET"]}}],"collection":[{"href":"https:\/\/fumotxpress.de\/de\/wp-json\/wp\/v2\/product"}],"about":[{"href":"https:\/\/fumotxpress.de\/de\/wp-json\/wp\/v2\/types\/product"}],"replies":[{"embeddable":true,"href":"https:\/\/fumotxpress.de\/de\/wp-json\/wp\/v2\/comments?post=3476"}],"wp:featuredmedia":[{"embeddable":true,"href":"https:\/\/fumotxpress.de\/de\/wp-json\/wp\/v2\/media\/3750"}],"wp:attachment":[{"href":"https:\/\/fumotxpress.de\/de\/wp-json\/wp\/v2\/media?parent=3476"}],"wp:term":[{"taxonomy":"product_brand","embeddable":true,"href":"https:\/\/fumotxpress.de\/de\/wp-json\/wp\/v2\/product_brand?post=3476"},{"taxonomy":"product_cat","embeddable":true,"href":"https:\/\/fumotxpress.de\/de\/wp-json\/wp\/v2\/product_cat?post=3476"},{"taxonomy":"product_tag","embeddable":true,"href":"https:\/\/fumotxpress.de\/de\/wp-json\/wp\/v2\/product_tag?post=3476"}],"curies":[{"name":"wp","href":"https:\/\/api.w.org\/{rel}","templated":true}]}}