{"id":2115,"date":"2024-12-07T01:32:41","date_gmt":"2024-12-07T01:32:41","guid":{"rendered":"https:\/\/fumotxpress.de\/?post_type=product&#038;p=2115"},"modified":"2025-05-20T09:51:56","modified_gmt":"2025-05-20T09:51:56","slug":"arymi-i-fun-40k-puffs-kaufen-original-authentischen-wiederaufladbaren-einweg-vapes-stift-2","status":"publish","type":"product","link":"https:\/\/fumotxpress.de\/de\/produkt\/arymi-i-fun-40k-puffs-kaufen-original-authentischen-wiederaufladbaren-einweg-vapes-stift-2\/","title":{"rendered":"Europ\u00e4isches Lager Arymi Hookalit 40000 Puffs Niedrig Nikotin Kaufen Original Authentisch Aufladbare Einweg-Vapes Pen"},"content":{"rendered":"<h2><strong>Arymi Hookalit 40000 Puffs Wiederaufladbare Einweg-Vapes Pen \u2013 Das ultimative Vaperlebnis<\/strong><strong>Einf\u00fchrung in Arymi Hookalit 40000 Puffs<\/strong><\/h2>\n<div style=\"width: 1020px;\" class=\"wp-video\"><!--[if lt IE 9]><script>document.createElement('video');<\/script><![endif]-->\n<video class=\"wp-video-shortcode\" id=\"video-2115-1\" width=\"1020\" height=\"574\" preload=\"metadata\" controls=\"controls\"><source type=\"video\/mp4\" src=\"https:\/\/fumotxpress.de\/wp-content\/uploads\/2024\/12\/ARYMI\u89c6\u9891.mp4?_=1\" \/><a href=\"https:\/\/fumotxpress.de\/wp-content\/uploads\/2024\/12\/ARYMI.mp4\">https:\/\/fumotxpress.de\/wp-content\/uploads\/2024\/12\/ARYMI.mp4<\/a><\/video><\/div>\n<p>Der Arymi Hookalit 40000 Puffs\u00a0 wiederaufladbare Einweg-Vape-Pen ist der perfekte Begleiter f\u00fcr diejenigen, die ein au\u00dfergew\u00f6hnliches Vaperlebnis suchen. Mit Pr\u00e4zision gefertigt und entwickelt, um bis zu 48.000 Puffs zu liefern, bietet dieses Premium-Vape eine au\u00dfergew\u00f6hnliche Mischung aus Haltbarkeit, Geschmack und Vielseitigkeit. Ob Sie ein erfahrener Vaper sind oder neu in der Welt der Einweg-Vapes, das Arymi I Fun 48K verspricht, Ihre Erwartungen mit seinen herausragenden Funktionen und Leistungen zu erf\u00fcllen und zu \u00fcbertreffen.<\/p>\n<p>Bei FumotXpress.de, der gr\u00f6\u00dften Online-Handelsplattform f\u00fcr Einweg-Vapes in Deutschland und Europa, sind wir stolz darauf, den Arymi Hookalit 40000 Puffs zu wettbewerbsf\u00e4higen Preisen anzubieten. Unsere Plattform ist auf die Bereitstellung von erstklassigen Verdampferprodukten spezialisiert, einschlie\u00dflich beliebter Marken wie Al Fakher, Fizzy, OBEELAB HHC und SMPO DL02. Ohne Mindestbestellmenge und mit schneller Lieferung innerhalb von 3-7 Tagen aus unseren europ\u00e4ischen Lagern, war der Kauf von Einweg-Vapes noch nie einfacher.<\/p>\n<h2>Hauptmerkmale des Arymi Hookalit 40000 Puffs Einweg-Vape-Pens<\/h2>\n<p>Der Arymi Hookalit 40000 Puffs\u00a0zeichnet sich auf dem \u00fcberf\u00fcllten Vape-Markt durch seine fortschrittlichen Funktionen und benutzerorientierte Gestaltung aus. Hier ist eine detaillierte \u00dcbersicht \u00fcber seine wichtigsten Funktionen:<\/p>\n<h3>1. <strong>Unvergleichliche Puff-Kapazit\u00e4t<\/strong><\/h3>\n<ul>\n<li>Mit einer unglaublichen Kapazit\u00e4t von bis zu <strong>48.000 Z\u00fcge<\/strong>Der Arymi Hookalit 40000 Puffs ist eine der langlebigsten Einweg-E-Zigaretten, die heute erh\u00e4ltlich sind. Ob Sie ein gelegentlicher Benutzer oder ein starker Raucher sind, dieses Ger\u00e4t stellt sicher, dass Sie sich nicht bald Sorgen um fehlende Puffs machen m\u00fcssen.<\/li>\n<\/ul>\n<h3>2. <strong>Gro\u00dfes E-Liquid-Reservoir (50ml)<\/strong><\/h3>\n<ul>\n<li>Der Vape ist ausgestattet mit einem <strong>50ml E-Liquid-Kapazit\u00e4t<\/strong>, wodurch der Bedarf an h\u00e4ufigem Nachf\u00fcllen deutlich reduziert wird. Dies macht es ideal f\u00fcr den langfristigen Einsatz und bietet bei jedem Zug ein gleichbleibendes Aroma und Zufriedenheit.<\/li>\n<\/ul>\n<h3>3. <strong>Aufladbare Batterie (1300mAh)<\/strong><\/h3>\n<ul>\n<li>Angetrieben von einem <strong>1300mAh wiederaufladbare Batterie<\/strong>, bietet dieses Ger\u00e4t eine zuverl\u00e4ssige Leistung w\u00e4hrend seiner gesamten Lebensdauer. Wenn der Akku schwach wird, laden Sie ihn einfach wieder auf, um Ihre Dampf-Sitzungen ohne die Notwendigkeit eines vollst\u00e4ndigen Ersatzes fortsetzen zu k\u00f6nnen.<\/li>\n<\/ul>\n<h3>4. <strong>Einstellbarer Luftstrom f\u00fcr individuelles Dampfen<\/strong><\/h3>\n<ul>\n<li>Der Arymi Hookalit 40000 Puffs erm\u00f6glicht es Ihnen, Ihr Dampferlebnis mit seinen <strong>verstellbares Luftstromsystem<\/strong>Wechseln zwischen <strong>MTL (Mund-zu-Lunge)<\/strong> und <strong>DTL (Direkt-Zum-Lunge)<\/strong> Stile f\u00fcr ein pers\u00f6nlicheres Vaperlebnis. Mit dieser Funktion k\u00f6nnen Sie die Intensit\u00e4t und Gl\u00e4tte des Zuges nach Ihren Vorlieben anpassen.<\/li>\n<\/ul>\n<h3>5. <strong>Leichtes und portables Design<\/strong><\/h3>\n<ul>\n<li>F\u00fcr den Komfort konzipiert, ist der Arymi Hookalit 40000 Puffs <strong>leicht und tragbar<\/strong>, wodurch es leicht zu transportieren ist, wohin Sie auch gehen. Sein ergonomisches Design sorgt f\u00fcr einen angenehmen Halt, auch w\u00e4hrend ausgedehnter Vaping-Sitzungen.<\/li>\n<\/ul>\n<h3>6. <strong>Stylisches und modernes \u00c4sthetikdesign<\/strong><\/h3>\n<ul>\n<li>Das elegante, moderne Design des Arymi Hookalit 40000 Puffs verbindet Stil mit Funktionalit\u00e4t. In einer Vielzahl von Farben erh\u00e4ltlich, bietet das Ger\u00e4t auch Anpassungsm\u00f6glichkeiten, um Ihrem pers\u00f6nlichen Stil zu entsprechen. Ob Sie eine elegante metallische Oberfl\u00e4che oder ein lebendigeres Aussehen bevorzugen, das Arymi Hookalit 40000 Puffs erg\u00e4nzt Ihre Pers\u00f6nlichkeit.<\/li>\n<\/ul>\n<h3>7. <strong>Vorgef\u00fcllt mit Premium-E-Liquids<\/strong><\/h3>\n<ul>\n<li>Der Arymi Hookalit 40000 Puffs kommt vorgef\u00fcllt mit <strong>Premium-E-Liquids<\/strong>, liefert reiche und authentische Aromen, die Ihr Vaperlebnis verbessern. Mit einer Vielzahl von Geschmacksoptionen verspricht jeder Zug einen befriedigenden und angenehmen Geschmack.<\/li>\n<\/ul>\n<h3>8. <strong>Nikotin-St\u00e4rken-Optionen<\/strong><\/h3>\n<ul>\n<li>Der Arymi Hookalit 40000 Puffs ist in verschiedenen <strong>Nikotinst\u00e4rke-Optionen<\/strong>, sodass Sie die ideale Stufe basierend auf Ihren Vorlieben w\u00e4hlen k\u00f6nnen. Ob Sie einen starken Kick oder ein milderes Erlebnis bevorzugen, es gibt eine Nikotinst\u00e4rke f\u00fcr jeden.<\/li>\n<\/ul>\n<p>&nbsp;<\/p>\n<p><img loading=\"lazy\" decoding=\"async\" class=\"alignnone wp-image-2118 size-full\" src=\"https:\/\/fumotxpress.de\/wp-content\/uploads\/2024\/12\/ARymi-40k.webp\" alt=\"Europ\u00e4isches Lager Arymi Hookalit 40000 Puffs Niedrig Nikotin Kaufen Original Authentisch Aufladbare Einweg-Vapes Pen\" width=\"2000\" height=\"2000\" srcset=\"https:\/\/fumotxpress.de\/wp-content\/uploads\/2024\/12\/ARymi-40k.webp 2000w, https:\/\/fumotxpress.de\/wp-content\/uploads\/2024\/12\/ARymi-40k-300x300.webp 300w, https:\/\/fumotxpress.de\/wp-content\/uploads\/2024\/12\/ARymi-40k-1024x1024.webp 1024w, https:\/\/fumotxpress.de\/wp-content\/uploads\/2024\/12\/ARymi-40k-150x150.webp 150w, https:\/\/fumotxpress.de\/wp-content\/uploads\/2024\/12\/ARymi-40k-768x768.webp 768w, https:\/\/fumotxpress.de\/wp-content\/uploads\/2024\/12\/ARymi-40k-1536x1536.webp 1536w, https:\/\/fumotxpress.de\/wp-content\/uploads\/2024\/12\/ARymi-40k-12x12.webp 12w, https:\/\/fumotxpress.de\/wp-content\/uploads\/2024\/12\/ARymi-40k-247x247.webp 247w, https:\/\/fumotxpress.de\/wp-content\/uploads\/2024\/12\/ARymi-40k-600x600.webp 600w, https:\/\/fumotxpress.de\/wp-content\/uploads\/2024\/12\/ARymi-40k-100x100.webp 100w\" sizes=\"auto, (max-width: 2000px) 100vw, 2000px\" \/><\/p>\n<h2>Verf\u00fcgbare Geschmacksrichtungen von Arymi Hookalit 40000 Puffs<\/h2>\n<p>Einer der H\u00f6hepunkte des Arymi Hookalit 40000 Puffs ist seine breite Palette an leckeren und einzigartigen Geschmacksrichtungen. Hier sind die verf\u00fcgbaren Geschmacksrichtungen, sorgf\u00e4ltig entwickelt, um ein reiches und befriedigendes Geschmackserlebnis zu bieten:<\/p>\n<h3>1. <strong>Tropischer Mango<\/strong><\/h3>\n<ul>\n<li>Genie\u00dfen Sie den exotischen und saftigen Geschmack von <strong>Tropischer Mango<\/strong>Dieser Geschmack bietet eine perfekte Mischung aus reifen, s\u00fc\u00dfen Mangos mit einer subtilen Sch\u00e4rfe, die Ihre Sinne in ein tropisches Paradies entf\u00fchrt.<\/li>\n<\/ul>\n<h3>2. <strong>Mixed Berry Blast<\/strong><\/h3>\n<ul>\n<li><strong>Mixed Berry Blast<\/strong> Kombiniert die lebendige S\u00fc\u00dfe von Erdbeeren, Blaubeeren und Himbeeren f\u00fcr ein erfrischendes und s\u00e4uerliches Vaperlebnis. Es ist ein Traum f\u00fcr Beerenliebhaber und liefert mit jedem Zug eine Explosion von fruchtiger K\u00f6stlichkeit.<\/li>\n<\/ul>\n<h3>3. <strong>Minzig Frisch<\/strong><\/h3>\n<ul>\n<li>F\u00fcr diejenigen, die eine k\u00fchlende Wirkung genie\u00dfen, die <strong>Minzig Frisch<\/strong> Der Geschmack liefert eine knackige, eisige Minze, die Ihren Gaumen erfrischt. Er ist perfekt f\u00fcr Dampfer, die einen glatten, minzigen Hit mit einem Hauch von K\u00fchle lieben.<\/li>\n<\/ul>\n<h3>4. <strong>Wassermelonen-Splash<\/strong><\/h3>\n<ul>\n<li>Genie\u00dfe den saftigen, s\u00fc\u00dfen Geschmack von reifen Fr\u00fcchten <strong>Wassermelone<\/strong> in jedem Zug. Die <strong>Wassermelonen-Splash<\/strong> ist ein s\u00fc\u00dfer und erfrischender Geschmack, der die perfekte Balance von saftiger Fruchtigkeit liefert, was ihn ideal f\u00fcr das Dampfen bei warmem Wetter macht.<\/li>\n<\/ul>\n<h3>5. <strong>Tropische Ananas<\/strong><\/h3>\n<ul>\n<li>The \nbecomes \nDie \nno change needed \nthus output \nDie <strong>Tropische Ananas<\/strong> Der Geschmack ist ein s\u00fc\u00dfes, saures und leicht herbes Profil, das die Essenz von frischer Ananas einf\u00e4ngt. Dieser Geschmack ist perfekt f\u00fcr diejenigen, die mit jedem Zug eine tropische Flucht herbeisehnen.<\/li>\n<\/ul>\n<h3>6. <strong>Pfirsich-Eis<\/strong><\/h3>\n<ul>\n<li><strong>Pfirsich-Eis<\/strong> bietet einen k\u00f6stlich sanften Pfirsichgeschmack mit einer Menthol-Note. Die nat\u00fcrliche S\u00fc\u00dfe von Pfirsich wird durch ein k\u00fchles, eisiges Finish erg\u00e4nzt, was es zu einem perfekten Allday-Vape macht.<\/li>\n<\/ul>\n<h3>7. <strong>Erdbeere Kiwi<\/strong><\/h3>\n<ul>\n<li>Die Kombination von reifen Erdbeeren und s\u00e4uerlichem Kiwi in der <strong>Erdbeere Kiwi<\/strong> Dieser Geschmack erzeugt eine ausgewogene und harmonische Fruchtmischung. Dieser Geschmack ist s\u00fc\u00df, erfrischend und perfekt f\u00fcr Fruchtliebhaber.<\/li>\n<\/ul>\n<h3>8. <strong>Traum von Trauben<\/strong><\/h3>\n<ul>\n<li><strong>Traum von Trauben<\/strong> liefert die tiefe, reiche S\u00fc\u00dfe von reifen Trauben. Der Geschmack ist vollmundig und glatt, mit einem leicht s\u00e4uerlichen Nachgeschmack, der die S\u00fc\u00dfe ausbalanciert und ein befriedigendes Vaperlebnis schafft.<\/li>\n<\/ul>\n<h3>9. <strong>Lush Ice<\/strong><\/h3>\n<ul>\n<li>F\u00fcr diejenigen, die ein intensives, erfrischendes Erlebnis genie\u00dfen, das <strong>Lush Ice<\/strong> Der Geschmack kombiniert die S\u00fc\u00dfe von Wassermelone mit einem kalten, eisigen Menthol-Finish. Er ist perfekt f\u00fcr ein cooles, glattes Vaping-Erlebnis.<\/li>\n<\/ul>\n<h3>10. <strong>Blaubeeren-Limonade<\/strong><\/h3>\n<ul>\n<li>The \nbecomes \nDie \nno change needed \nthus output \nDie <strong>Blaubeeren-Limonade<\/strong> Der Geschmack verbindet die S\u00e4ure von frischer Limonade und die S\u00fc\u00dfe von reifen Blaubeeren. Es ist eine prickelnde, erfrischende Mischung, die ideal f\u00fcr eine belebende Verdampfer-Session ist.<\/li>\n<\/ul>\n<h2>Warum w\u00e4hlen Sie Arymi Hookalit 40000 Puffs Einweg-Vape-Pen?<\/h2>\n<p>Es gibt mehrere Gr\u00fcnde, warum die Arymi Hookalit 40000 Puffs Disposable Vape Pen die perfekte Wahl f\u00fcr Sie ist:<\/p>\n<ul>\n<li><strong>Langanhaltende Leistung<\/strong>: Mit bis zu 48.000 Puffs h\u00e4lt er l\u00e4nger als die meisten Einweg-Vapes auf dem Markt und bietet Ihnen ein zuverl\u00e4ssiges, problemloses Vaperlebnis.<\/li>\n<li><strong>Premium-Geschmacksselektion<\/strong>: Genie\u00dfen Sie eine Vielzahl reicher, lebendiger Aromen, die jedem Geschmack gerecht werden, von fruchtig bis hin zu minzig und tropisch.<\/li>\n<li><strong>Bequemlichkeit<\/strong>: Das Ger\u00e4t ist aufladbar und erm\u00f6glicht eine l\u00e4ngere Nutzung, ohne dass ein vollst\u00e4ndiger Ersatz erforderlich ist.<\/li>\n<li><strong>Individualisierung \nAnpassung \nKonfiguration \nma\u00dfgeschneiderte L\u00f6sung \nBenutzeranpassung \nPersonalisierung<\/strong>: Passen Sie Ihr Vaperlebnis mit einstellbarem Luftstrom an und w\u00e4hlen Sie aus einer breiten Auswahl an Nikotinst\u00e4rken.<\/li>\n<li><strong>Keine Mindestbestellung<\/strong>: Bei FumotXpress.de k\u00f6nnen Sie ein einzelnes St\u00fcck oder mehrere kaufen, ohne dass es eine Mindestbestellmenge gibt. Wir beliefern sowohl einzelne Kunden als auch Einzelhandelsgruppen in ganz Europa.<\/li>\n<\/ul>\n<h2>Wie man Arymi Hookalit 40000 Puffs von FumotXpress.de kauft<\/h2>\n<p>Bereit, Ihr Vaping-Erlebnis zu verbessern? Besuchen Sie <a href=\"https:\/\/fumotxpress.de\/de\/\"><strong>FumotXpress.de<\/strong><\/a>, Europas gr\u00f6\u00dfte Online-Plattform f\u00fcr Einweg-Vapes, und sichern Sie sich heute den Arymi Hookalit 40000 Puffs wiederaufladbaren Einweg-Vape-Pen. Mit schneller Lieferung aus unseren europ\u00e4ischen Lagern und ohne Mindestbestellmenge ist es noch nie einfacher gewesen, hochwertige Vapes zu erhalten. Bestellen Sie jetzt und erleben Sie die n\u00e4chste Stufe der Vaping-Zufriedenheit!<\/p>\n<hr \/>\n<p>F\u00fcr diejenigen, die hochwertige Einweg-Vapes in Deutschland und Europa kaufen m\u00f6chten, bietet FumotXpress.de den zuverl\u00e4ssigsten Service, eine umfangreiche Produktauswahl und schnelle Lieferoptionen. Besorgen Sie sich noch heute Ihren Arymi Hookalit 40000 Puffs und genie\u00dfen Sie das ultimative Vaperlebnis mit Leichtigkeit!<\/p>","protected":false},"excerpt":{"rendered":"<p>Bereit, Ihr Vaping-Erlebnis zu verbessern? Besuchen Sie <a href=\"https:\/\/fumotxpress.de\/de\/\"><strong>FumotXpress.de<\/strong><\/a>, Europas gr\u00f6\u00dfte Online-Plattform f\u00fcr Einweg-Vapes, und schnappen Sie sich heute den Arymi Hookalit 40000 Puffs wiederaufladbaren Einweg-Vape-Stift.<\/p>","protected":false},"featured_media":2116,"comment_status":"open","ping_status":"closed","template":"","meta":{"om_disable_all_campaigns":false},"product_brand":[],"product_cat":[39,91,92,93,94,97,99,100,101,102,103,104,105,106,107,108,111,112,78,79,80,81,82,83,84,85,86,87,88,89,90,70,113,56,61,63,64,65,67,68],"product_tag":[],"class_list":{"0":"post-2115","1":"product","2":"type-product","3":"status-publish","4":"has-post-thumbnail","6":"product_cat-arymi-i-fun-28000-28k-puff","7":"product_cat-buy-best-disposable-vape-flavors","8":"product_cat-apple-flavor-disposable-vapes","9":"product_cat-blue-razz-flavor-disposable-vapes","10":"product_cat-blueberry-flavor-disposable-vapes","11":"product_cat-grape-flavor-disposable-vapes","12":"product_cat-ice-flavor-disposable-vapes","13":"product_cat-kiwi-flavor-disposable-vapes","14":"product_cat-lemon-flavor-disposable-vapes","15":"product_cat-lush-flavor-disposable-vapes","16":"product_cat-mango-flavor-disposable-vapes","17":"product_cat-mint-flavor-disposable-vapes","18":"product_cat-mixed-berries-flavor-disposable-vapes","19":"product_cat-passion-fruit-flavor-disposable-vapes","20":"product_cat-peach-flavor-disposable-vapes","21":"product_cat-pineapple-flavor-disposable-vapes","22":"product_cat-strawberry-flavor-disposable-vapes","23":"product_cat-watermelon-flavor-disposable-vapes","24":"product_cat-best-disposable-vape-in-europe","25":"product_cat-buy-disposable-vapes-in-austria","26":"product_cat-buy-disposable-vapes-in-belgium","27":"product_cat-buy-disposable-vapes-in-france","28":"product_cat-buy-disposable-vapes-in-germany","29":"product_cat-buy-disposable-vapes-in-italy","30":"product_cat-buy-disposable-vapes-in-netherlands","31":"product_cat-buy-disposable-vapes-in-norway","32":"product_cat-buy-disposable-vapes-in-poland","33":"product_cat-buy-disposable-vapes-in-portugal","34":"product_cat-buy-disposable-vapes-in-spain","35":"product_cat-buy-disposable-vapes-in-sweden","36":"product_cat-buy-disposable-vapes-in-switzerland","37":"product_cat-shop-disposable-vapes-by-puffs","38":"product_cat-40000-puff-disposable-vape","39":"product_cat-disposable-vape-types","40":"product_cat-big-puffs-disposable-vapes","41":"product_cat-digital-box-disposable-vapes","42":"product_cat-dual-mesh-disposable-vapes","43":"product_cat-lower-nicotine-disposable-vapes","44":"product_cat-rechargeable-disposable-vapes","45":"product_cat-shisha-hookah-disposable-vapes","47":"first","48":"instock","49":"shipping-taxable","50":"purchasable","51":"product-type-variable"},"_links":{"self":[{"href":"https:\/\/fumotxpress.de\/de\/wp-json\/wp\/v2\/product\/2115","targetHints":{"allow":["GET"]}}],"collection":[{"href":"https:\/\/fumotxpress.de\/de\/wp-json\/wp\/v2\/product"}],"about":[{"href":"https:\/\/fumotxpress.de\/de\/wp-json\/wp\/v2\/types\/product"}],"replies":[{"embeddable":true,"href":"https:\/\/fumotxpress.de\/de\/wp-json\/wp\/v2\/comments?post=2115"}],"wp:featuredmedia":[{"embeddable":true,"href":"https:\/\/fumotxpress.de\/de\/wp-json\/wp\/v2\/media\/2116"}],"wp:attachment":[{"href":"https:\/\/fumotxpress.de\/de\/wp-json\/wp\/v2\/media?parent=2115"}],"wp:term":[{"taxonomy":"product_brand","embeddable":true,"href":"https:\/\/fumotxpress.de\/de\/wp-json\/wp\/v2\/product_brand?post=2115"},{"taxonomy":"product_cat","embeddable":true,"href":"https:\/\/fumotxpress.de\/de\/wp-json\/wp\/v2\/product_cat?post=2115"},{"taxonomy":"product_tag","embeddable":true,"href":"https:\/\/fumotxpress.de\/de\/wp-json\/wp\/v2\/product_tag?post=2115"}],"curies":[{"name":"wp","href":"https:\/\/api.w.org\/{rel}","templated":true}]}}