{"id":1633,"date":"2024-11-22T06:43:15","date_gmt":"2024-11-22T06:43:15","guid":{"rendered":"https:\/\/fumotxpress.de\/?post_type=product&#038;p=1633"},"modified":"2025-05-23T08:35:04","modified_gmt":"2025-05-23T08:35:04","slug":"europaisches-lager-last-love-20000-puffs-mit-niedrigem-nikotingehalt-kaufen-sie-original-authentische-wiederaufladbare-einweg-vapes-stifte","status":"publish","type":"product","link":"https:\/\/fumotxpress.de\/de\/produkt\/europaisches-lager-last-love-20000-puffs-mit-niedrigem-nikotingehalt-kaufen-sie-original-authentische-wiederaufladbare-einweg-vapes-stifte\/","title":{"rendered":"Europ\u00e4isches Lager Letzte Liebe 20000 Puffs Niedriger Nikotin Kauf Original Authentisch Aufladbare Einweg-Vapes Pen"},"content":{"rendered":"<div class=\"flex max-w-full flex-col flex-grow\">\n<div class=\"min-h-8 text-message flex w-full flex-col items-end gap-2 whitespace-normal break-words [.text-message+&amp;]:mt-5\" dir=\"auto\" data-message-author-role=\"assistant\" data-message-id=\"7774bd88-5843-480b-a616-9aa0730633a5\" data-client-thread-id=\"WEB:5163763a-dd3e-4377-a6ad-548896bb6062\" data-message-model-slug=\"gpt-4o\">\n<div class=\"flex w-full flex-col gap-1 empty:hidden first:pt-[3px]\">\n<div class=\"markdown prose w-full break-words dark:prose-invert light\">\n<h2><strong>Europ\u00e4isches Lager Letzte Liebe 20000 Puffs Niedriger Nikotin Kauf Original Authentisch Aufladbare Einweg-Vapes Pen<\/strong><\/h2>\n<p>The \nbecomes \nDie \nno change needed \nthus output \nDie <strong><a href=\"https:\/\/fumotxpress.de\/de\/\">Last Love 20000 Puffs Aufladbare Einweg-E-Zigarette<\/a> Kit<\/strong> definiert die Standards f\u00fcr Bequemlichkeit, Leistung und Stil im Bereich des Vapens neu. Entwickelt f\u00fcr moderne Vaper, bietet dieses innovative Ger\u00e4t ein langanhaltendes, Premium-Erlebnis ohne die Notwendigkeit h\u00e4ufiger Ersetzungen. Ob Sie ein gelegentlicher Nutzer oder ein erfahrener Vaper sind, das <a href=\"https:\/\/fumotxpress.de\/de\/\"><strong>Last Love Vape Kit<\/strong><\/a> stellt sicher, dass jeder Zug aromatisch, sanft und befriedigend ist.<\/p>\n<p>Mit bis zu <strong>20.000 Z\u00fcge<\/strong>, ein schlankes EURO2024-Themendesign und eine aufladbare Funktion, kombiniert dieses Vape-Kit fortschrittliche Technologie mit Praktikabilit\u00e4t. Verf\u00fcgbar in <strong>12 verschiedene Aromen<\/strong>, dieses Ger\u00e4t garantiert ein personalisiertes Vaperlebnis, das sich an jeden Geschmack anpasst.<\/p>\n<hr \/>\n<h2><strong>Europ\u00e4isches Lager Last Love 20000 Puffs\u00a0<\/strong><strong>Ausf\u00fchrliche Produktbeschreibung<\/strong><\/h2>\n<p>The \nbecomes \nDie \nno change needed \nthus output \nDie <strong>Last Love 20000 Puffs Aufladbare Einweg-Vape-Kit<\/strong> ist ein Meisterwerk der Ingenieurskunst und \u00e4sthetischer Exzellenz. F\u00fcr diejenigen, die Zuverl\u00e4ssigkeit und Stil suchen, bietet der Vape Pen ein robustes Design und eine gro\u00dfz\u00fcgige <strong>22ml E-Liquid-Tank<\/strong>, und ein integrierter <strong>800mAh wiederaufladbare Batterie<\/strong>.<\/p>\n<p>Es ist <strong>EURO2024 Limited Edition<\/strong> Das Design feiert die globale Leidenschaft f\u00fcr Fu\u00dfball und gew\u00e4hrleistet dabei eine optimale Verdampfungsleistung. Entwickelt, um Abfall zu reduzieren, verf\u00fcgt das Ger\u00e4t \u00fcber einen bequemen Ladeanschluss am Boden, der es Ihnen erm\u00f6glicht, jeden Tropfen E-Liquid vor der Entsorgung zu genie\u00dfen.<\/p>\n<h2><strong>Europ\u00e4isches Lager Last Love 20000 Puffs <\/strong><strong>Niedriger Nikotingehalt f\u00fcr ein ausgewogenes Erlebnis<\/strong><\/h2>\n<p>Das Ger\u00e4t kommt vorgef\u00fcllt mit <strong>2% Nikotinst\u00e4rke (20mg)<\/strong>, bietet einen sanften, aber dennoch befriedigenden Hit, der sowohl f\u00fcr Anf\u00e4nger als auch f\u00fcr erfahrene Nutzer geeignet ist. Diese niedrige Nikotinkonzentration bietet das perfekte Gleichgewicht, um die reichen Aromen ohne \u00fcberw\u00e4ltigende Intensit\u00e4t zu genie\u00dfen.<\/p>\n<h2><strong>Europ\u00e4isches Lager Last Love 20000 Puffs <\/strong><strong>Fortgeschrittene Technologie f\u00fcr ein nahtloses Vapen<\/strong><\/h2>\n<p>Die eingebaute <strong>0,6 Mesh-Coil<\/strong> erh\u00f6ht das Verdampferlebnis durch die Produktion von konsistentem, dichtem Dampf. Die Dampfproduktion ist sanft und verbessert das Aromaprofil jedes Zuges. Dar\u00fcber hinaus halten die intuitive Batterie- und Fl\u00fcssigkeitsstandsanzeige Sie \u00fcber den Status des Ger\u00e4ts informiert, um eine sorgenfreie Verdampfersitzung zu gew\u00e4hrleisten.<\/p>\n<hr \/>\n<h2><strong>Europ\u00e4isches Lager Last Love 20000 Puffs <\/strong><strong>Hauptmerkmale des Last Love 20000 Puffs Vape Kits<\/strong><\/h2>\n<ul>\n<li><strong>20.000 Z\u00fcge pro Ger\u00e4t<\/strong><br \/>\nErleben Sie ein verl\u00e4ngertes Vaping-Erlebnis mit einer beeindruckenden Anzahl an Z\u00fcgen, die die meisten Einweg-Vape-Kits \u00fcbertrifft.<\/li>\n<li><strong>22ml E-Liquid-Tank<\/strong><br \/>\nEin gro\u00dfz\u00fcgig bemessener Tank eliminiert die Notwendigkeit h\u00e4ufiger Nachf\u00fcllungen und bietet ununterbrochenen Genuss.<\/li>\n<li><strong>Aufladbarer Anschluss<\/strong><br \/>\nAm unteren Ende des Ger\u00e4ts maximiert der aufladbare Anschluss den Nutzen, indem sichergestellt wird, dass kein E-Liquid verschwendet wird.<\/li>\n<li><strong>800mAh integrierte Batterie<\/strong><br \/>\nDiese leistungsstarke und aufladbare Batterie unterst\u00fctzt lange Vaping-Sitzungen und ist somit eine kosteng\u00fcnstige und umweltfreundliche Wahl.<\/li>\n<li><strong>0,6 Mesh-Coil-Technologie<\/strong><br \/>\nVerbessert die Dampfqualit\u00e4t und die Geschmacksintensit\u00e4t und liefert ein durchweg glattes Vaperlebnis.<\/li>\n<li><strong>Batterie- &amp; Fl\u00fcssigkeitsstandanzeigen<\/strong><br \/>\nBleiben Sie informiert mit Echtzeit\u00fcberwachung von Akkulaufzeit und E-Liquid-St\u00e4nden f\u00fcr eine nahtlose Nutzung.<\/li>\n<li><strong>EURO2024 Limited Edition Design<\/strong><br \/>\nEin fu\u00dfballinspiriertes, auff\u00e4lliges Design, das die Premium-Funktionalit\u00e4t des Ger\u00e4ts erg\u00e4nzt.<\/li>\n<li><strong>Gro\u00dfe Auswahl an Geschmacksrichtungen<\/strong><br \/>\nW\u00e4hlen Sie aus 12 einzigartigen und aufregenden Aromen, die jeweils f\u00fcr ein unvergleichliches Vaperlebnis konzipiert wurden.<\/li>\n<\/ul>\n<hr \/>\n<h2><strong>Europ\u00e4isches Lager Last Love 20000 Puffs <\/strong><strong>Aromen \u00dcbersicht<\/strong><\/h2>\n<h3><strong>Aromauswahl<\/strong><\/h3>\n<ol>\n<li><strong>Lush Wassermelone<\/strong><br \/>\nSaftig, s\u00fc\u00df und erfrischend, dieses Aroma erfasst die Essenz von reifen Wassermelonen mit einem knackigen, k\u00fchlenden Abgang.<\/li>\n<li><strong>Mango Delight \n\n(Mango Delight bleibt , da es ein Name ist) \nwird zu \n Mango Delight<\/strong><br \/>\nEine tropische Explosion saftiger Mangos, die einen reichen, fruchtigen Geschmack mit einer glatten Nachnote liefert.<\/li>\n<li><strong>Blaubeeren Gl\u00fcckseligkeit<\/strong><br \/>\nEine Explosion frischer Blaubeeren mit einer Note von S\u00fc\u00dfe, perfekt f\u00fcr Fr\u00fcchte-Liebhaber.<\/li>\n<li><strong>K\u00fchl Minze<\/strong><br \/>\nEine revitalisierende, minzige Empfindung, die bei jedem Zug ein knackiges, sauberes und k\u00fchlendes Gef\u00fchl hinterl\u00e4sst.<\/li>\n<li><strong>Erdbeer-Explosion<\/strong><br \/>\nS\u00fc\u00df und saftig, kombiniert dieser Geschmack die nat\u00fcrliche G\u00fcte von Erdbeeren mit einer befriedigenden Tiefe.<\/li>\n<li><strong>Tropischer Mix<\/strong><br \/>\nEine Mischung aus exotischen Fr\u00fcchten, die in ein harmonisches und lebendiges tropisches Paradies eingeblendet ist.<\/li>\n<li><strong>Vanillecreme<\/strong><br \/>\nGlatt und cremig, bietet dieser \u00fcppige Geschmack ein dekadentes dessert\u00e4hnliches Erlebnis.<\/li>\n<li><strong>Apfel Eis<\/strong><br \/>\nEine herbe, aber s\u00fc\u00dfe Apfel-Note mit einer erfrischenden, eisigen Note, die den Gaumen erfrischt.<\/li>\n<li><strong>Traubenexplosion<\/strong><br \/>\n**Fett und saftig**, dieser Geschmack erfasst den Reichtum von frischen Trauben mit einer leicht s\u00e4uerlichen Note.<\/li>\n<li><strong>Kirsch Frost<\/strong><br \/>\nS\u00fc\u00dfe Kirschen treffen auf ein knackiges, frostiges Finish und liefern ein angenehmes und ausgewogenes Vaperlebnis.<\/li>\n<li><strong>Cola Fizz<\/strong><br \/>\nGenie\u00dfen Sie den nostalgischen Geschmack von prickelndem Cola mit einer Note von zitrusartigem Aroma f\u00fcr einen prickelnden Genuss.<\/li>\n<li><strong>Pfirsich Bliss<\/strong><br \/>\nS\u00fc\u00df, weich und aromatisch liefert dieser Pfirsich-Geschmack ein leichtes und angenehmes Verdampferlebnis.<\/li>\n<\/ol>\n<hr \/>\n<h2><strong>Europ\u00e4isches Lager Last Love 20000 Puffs <\/strong><strong>Warum bei FumotXpress.de kaufen?<\/strong><\/h2>\n<p>An <strong>FumotXpress.de<\/strong>, wir sind auf die Bereitstellung von erstklassigen Einweg-Vapes spezialisiert, einschlie\u00dflich vertrauensw\u00fcrdiger Marken wie <strong>Al Fakher<\/strong>, <strong>Fizzy<\/strong>, <strong>OBEELAB HHC<\/strong>und <strong>SMPO DL02<\/strong>Hier ist, warum Sie bei uns einkaufen sollten:<\/p>\n<ul>\n<li><strong>Gr\u00f6\u00dfter Online-H\u00e4ndler in Deutschland<\/strong><br \/>\nWir sind die erste Anlaufstelle f\u00fcr den Kauf von authentischen Einweg-E-Zigaretten in der EU.<\/li>\n<li><strong>Keine Mindestbestellmenge<\/strong><br \/>\nKaufen Sie einfach ein St\u00fcck oder f\u00fcllen Sie Ihren Vorrat auf - alles bequem f\u00fcr Sie.<\/li>\n<li><strong>Schneller Europ\u00e4ischer Versand<\/strong><br \/>\nUnser <strong>Europ\u00e4isches Lager<\/strong> sichert, dass Ihre Bestellung innerhalb von <strong>3-7 Tage<\/strong>, Gew\u00e4hrleistung eines schnellen und zuverl\u00e4ssigen Lieferprozesses.<\/li>\n<li><strong>Authentizit\u00e4t garantiert<\/strong><br \/>\nKaufen Sie selbstbewusst, wissend, dass Sie echte Produkte erwerben, die durch einen hervorragenden Kundenservice unterst\u00fctzt werden.<\/li>\n<\/ul>\n<hr \/>\n<h2><strong>Europ\u00e4isches Lager Last Love 20000 Puffs <\/strong><strong>Abschlie\u00dfende Gedanken<\/strong><\/h2>\n<p>The \nbecomes \nDie \nno change needed \nthus output \nDie <strong>Last Love 20000 Puffs Aufladbare Einweg-Vape-Kit<\/strong> ist die ultimative Wahl f\u00fcr jeden, der ein Premium-Vaping-Erlebnis mit unvergleichlicher Bequemlichkeit sucht. Von seiner beeindruckenden Anzahl an Z\u00fcgen bis hin zu seinem umweltfreundlichen, aufladbaren Design ist dieses Ger\u00e4t ein Zeichen moderner Vaping-Innovation.<\/p>\n<p>Besuchen <a href=\"https:\/\/fumotxpress.de\/de\/\"><strong>FumotXpress.de<\/strong><\/a> Heute, um unsere umfangreiche Auswahl an Einweg-Vapes zu erkunden und das Beste an Qualit\u00e4t und Service zu erleben. Ohne Mindestbestellmenge und mit schneller EU-Lieferung war das Dampfen noch nie so einfach oder zug\u00e4nglich!<\/p>\n<\/div>\n<\/div>\n<\/div>\n<\/div>","protected":false},"excerpt":{"rendered":"<p>Entdecken Sie den Last Love 20000 Puffs wiederaufladbaren Einweg-Vape-Pen \u2013 authentisch, langlebig und mit niedrigem Nikotingehalt, erh\u00e4ltlich in unserem europ\u00e4ischen Lager mit schneller Lieferung!<\/p>","protected":false},"featured_media":1632,"comment_status":"open","ping_status":"closed","template":"","meta":{"om_disable_all_campaigns":false},"product_brand":[],"product_cat":[29,91,92,94,95,96,97,99,101,102,103,104,106,107,111,112,78,79,80,81,82,83,84,85,86,87,88,89,90,70,76,56,61,63,65,67],"product_tag":[],"class_list":{"0":"post-1633","1":"product","2":"type-product","3":"status-publish","4":"has-post-thumbnail","6":"product_cat-last-love-disposable-vapes","7":"product_cat-buy-best-disposable-vape-flavors","8":"product_cat-apple-flavor-disposable-vapes","9":"product_cat-blueberry-flavor-disposable-vapes","10":"product_cat-cherry-flavor-disposable-vapes","11":"product_cat-cola-flavor-disposable-vapes","12":"product_cat-grape-flavor-disposable-vapes","13":"product_cat-ice-flavor-disposable-vapes","14":"product_cat-lemon-flavor-disposable-vapes","15":"product_cat-lush-flavor-disposable-vapes","16":"product_cat-mango-flavor-disposable-vapes","17":"product_cat-mint-flavor-disposable-vapes","18":"product_cat-passion-fruit-flavor-disposable-vapes","19":"product_cat-peach-flavor-disposable-vapes","20":"product_cat-strawberry-flavor-disposable-vapes","21":"product_cat-watermelon-flavor-disposable-vapes","22":"product_cat-best-disposable-vape-in-europe","23":"product_cat-buy-disposable-vapes-in-austria","24":"product_cat-buy-disposable-vapes-in-belgium","25":"product_cat-buy-disposable-vapes-in-france","26":"product_cat-buy-disposable-vapes-in-germany","27":"product_cat-buy-disposable-vapes-in-italy","28":"product_cat-buy-disposable-vapes-in-netherlands","29":"product_cat-buy-disposable-vapes-in-norway","30":"product_cat-buy-disposable-vapes-in-poland","31":"product_cat-buy-disposable-vapes-in-portugal","32":"product_cat-buy-disposable-vapes-in-spain","33":"product_cat-buy-disposable-vapes-in-sweden","34":"product_cat-buy-disposable-vapes-in-switzerland","35":"product_cat-shop-disposable-vapes-by-puffs","36":"product_cat-20000-puff-disposable-vape","37":"product_cat-disposable-vape-types","38":"product_cat-big-puffs-disposable-vapes","39":"product_cat-digital-box-disposable-vapes","40":"product_cat-lower-nicotine-disposable-vapes","41":"product_cat-rechargeable-disposable-vapes","43":"first","44":"instock","45":"shipping-taxable","46":"purchasable","47":"product-type-variable"},"_links":{"self":[{"href":"https:\/\/fumotxpress.de\/de\/wp-json\/wp\/v2\/product\/1633","targetHints":{"allow":["GET"]}}],"collection":[{"href":"https:\/\/fumotxpress.de\/de\/wp-json\/wp\/v2\/product"}],"about":[{"href":"https:\/\/fumotxpress.de\/de\/wp-json\/wp\/v2\/types\/product"}],"replies":[{"embeddable":true,"href":"https:\/\/fumotxpress.de\/de\/wp-json\/wp\/v2\/comments?post=1633"}],"wp:featuredmedia":[{"embeddable":true,"href":"https:\/\/fumotxpress.de\/de\/wp-json\/wp\/v2\/media\/1632"}],"wp:attachment":[{"href":"https:\/\/fumotxpress.de\/de\/wp-json\/wp\/v2\/media?parent=1633"}],"wp:term":[{"taxonomy":"product_brand","embeddable":true,"href":"https:\/\/fumotxpress.de\/de\/wp-json\/wp\/v2\/product_brand?post=1633"},{"taxonomy":"product_cat","embeddable":true,"href":"https:\/\/fumotxpress.de\/de\/wp-json\/wp\/v2\/product_cat?post=1633"},{"taxonomy":"product_tag","embeddable":true,"href":"https:\/\/fumotxpress.de\/de\/wp-json\/wp\/v2\/product_tag?post=1633"}],"curies":[{"name":"wp","href":"https:\/\/api.w.org\/{rel}","templated":true}]}}