{"id":1277,"date":"2024-11-09T08:25:46","date_gmt":"2024-11-09T08:25:46","guid":{"rendered":"https:\/\/fumotxpress.de\/?page_id=1277"},"modified":"2024-11-09T08:25:46","modified_gmt":"2024-11-09T08:25:46","slug":"altersrichtlinie-von-fumotxpress","status":"publish","type":"page","link":"https:\/\/fumotxpress.de\/de\/altersrichtlinie-von-fumotxpress\/","title":{"rendered":"Fumotxpress Altersrichtlinie"},"content":{"rendered":"<p>An <strong>Fumotxpress.de<\/strong>Wir verpflichten uns, unseren Kunden in der gesamten Europ\u00e4ischen Union ein verantwortungsvolles und legales Dampferlebnis zu bieten. Unsere Produkte sind streng f\u00fcr <strong>Nur f\u00fcr Erwachsene<\/strong>Und wir halten die h\u00f6chsten Standards ein, um die Einhaltung aller gesetzlichen Vorschriften f\u00fcr den Verkauf von Verdampferprodukten sicherzustellen.<\/p>\n<h3>1. Altersanforderung<\/h3>\n<p>In \u00dcbereinstimmung mit den EU-Vorschriften m\u00fcssen Sie mindestens <strong>18 Jahre alt<\/strong> um unsere Produkte zu kaufen. Durch den Besuch und Kauf bei <strong>Fumotxpress.de<\/strong>, Sie best\u00e4tigen, dass Sie in Ihrem Wohnsitzland vollj\u00e4hrig sind, um E-Dampferzeugnisse kaufen zu d\u00fcrfen. Wenn Sie nicht vollj\u00e4hrig sind, bitten wir Sie h\u00f6flich, unsere Website nicht zu nutzen.<\/p>\n<h3>2. Alters\u00fcberpr\u00fcfung<\/h3>\n<p>Um die Einhaltung altersbezogener Vorschriften sicherzustellen, <strong>Fumotxpress.de<\/strong> kann zus\u00e4tzliche Schritte zur Alters\u00fcberpr\u00fcfung am Verkaufsort implementieren. Dies kann Folgendes umfassen:<\/p>\n<ul>\n<li><strong>Manuelle Alters\u00fcberpr\u00fcfung<\/strong>: Wenn Sie eine Bestellung aufgeben, k\u00f6nnen wir einen Altersnachweis (z. B. eine Kopie Ihres Personalausweises oder Reisepasses) verlangen, um Ihre Berechtigung zu best\u00e4tigen.<\/li>\n<li><strong>Drittanbieter-Altersverifizierungsdienste<\/strong>: Wir k\u00f6nnen mit Dienstleistungen von Drittanbietern zusammenarbeiten, um das Alter unserer Kunden zu \u00fcberpr\u00fcfen, bevor wir Bestellungen bearbeiten.<\/li>\n<\/ul>\n<h3>3. Rechtliche Einhaltung<\/h3>\n<p>Wir nehmen unsere Verantwortung zur Einhaltung <strong>alle lokalen Gesetze<\/strong> innerhalb der EU sehr ernst. Dies umfasst die Einhaltung l\u00e4nderspezifischer Vorschriften, die strengere Altersanforderungen auferlegen k\u00f6nnen. Als Teil unseres Engagements verkaufen wir unsere Produkte nur an Personen mit Sitz innerhalb der EU. Wenn Sie au\u00dferhalb der EU wohnen, k\u00f6nnen wir Ihre Bestellung nicht bearbeiten.<\/p>\n<h3>4. Verantwortung der Nutzer<\/h3>\n<p>Als Benutzer von <strong>Fumotxpress.de<\/strong>es Ihre Verantwortung ist, sicherzustellen, dass:<\/p>\n<ul>\n<li>Sie erf\u00fcllen die gesetzliche Altersanforderung f\u00fcr Verdampfungsprodukte in Ihrem Land.<\/li>\n<li>Sie t\u00e4tigen keinen Kaufversuch im Namen einer Person, die die Alterskriterien nicht erf\u00fcllt.<\/li>\n<li>Sie stellen w\u00e4hrend des Checkout-Prozesses wahrheitsgetreue und genaue Informationen bereit.<\/li>\n<\/ul>\n<p>Wenn wir feststellen, dass ein Kauf von einem Minderj\u00e4hrigen oder jemandem, der unter dem gesetzlichen Mindestalter f\u00fcr das Dampfen in seiner Gerichtsbarkeit liegt, get\u00e4tigt wurde, werden wir die Bestellung sofort stornieren und alle geleisteten Zahlungen zur\u00fcckerstatten. Wiederholte Versuche, diese Richtlinie zu umgehen, k\u00f6nnen zu einem dauerhaften Verbot von unserer Website f\u00fchren.<\/p>\n<h3>5. Aktualisierungen der Altersrichtlinie<\/h3>\n<p>Unsere Richtlinie zur Alters\u00fcberpr\u00fcfung kann in regelm\u00e4\u00dfigen Abst\u00e4nden aktualisiert werden, um auf \u00c4nderungen in EU-Vorschriften oder anderen relevanten rechtlichen Anforderungen zu reagieren. Alle \u00c4nderungen werden auf dieser Seite widergespiegelt, daher empfehlen wir Ihnen, unsere Richtlinie regelm\u00e4\u00dfig zu \u00fcberpr\u00fcfen.<\/p>\n<hr \/>\n<h3>Warum Alters\u00fcberpr\u00fcfung wichtig ist<\/h3>\n<p>Wir verstehen, wie wichtig es ist, eine sichere und legale Umgebung f\u00fcr den Kauf von Verdampferprodukten zu bieten. <strong>Fumotxpress.de<\/strong> ist stolz darauf, anzubieten <strong>Premium Einweg-Elektronikzigaretten<\/strong> von vertrauensw\u00fcrdigen Marken wie <strong>Al Fakher, Fizzy, OBEELAB HHC,<\/strong> und <strong>SMPO DL02<\/strong>, entwickelt ausschlie\u00dflich f\u00fcr erwachsene Benutzer, die ihr Vaping-Erlebnis verantwortungsvoll genie\u00dfen.<\/p>\n<p>Wir setzen uns f\u00fcr die Unterst\u00fctzung der \u00f6ffentlichen Gesundheit und den Schutz von Minderj\u00e4hrigen vor dem Zugriff auf potenziell sch\u00e4dliche Produkte ein. Wir sch\u00e4tzen Ihre Kooperation bei der Einhaltung unserer Alters\u00fcberpr\u00fcfungsrichtlinie, um sicherzustellen, dass wir den EU-Markt auf eine verantwortungsvolle und gesetzeskonforme Weise weiterhin bedienen k\u00f6nnen.<\/p>\n<hr \/>\n<p>Wenn Sie Fragen oder Bedenken bez\u00fcglich unserer Alters\u00fcberpr\u00fcfungsrichtlinie oder Ihrer Berechtigung, bei uns zu kaufen, haben, z\u00f6gern Sie bitte nicht, uns zu kontaktieren unter <strong><a rel=\"noopener\">info@fumotxpress.de<\/a><\/strong>.<\/p>","protected":false},"excerpt":{"rendered":"<p>Bei Fumotxpress.de setzen wir uns f\u00fcr ein verantwortungsvolles und legales Dampferlebnis f\u00fcr unsere Kunden in der gesamten Europ\u00e4ischen Union ein. Unsere Produkte sind streng f\u00fcr die Nutzung durch Erwachsene vorgesehen, und wir halten die h\u00f6chsten Standards ein, um die Einhaltung aller gesetzlichen Vorschriften f\u00fcr den Verkauf von Dampfprodukten sicherzustellen. 1. Altersanforderung In \u00dcbereinstimmung mit der EU [\u2026]","protected":false},"author":1,"featured_media":0,"parent":0,"menu_order":0,"comment_status":"closed","ping_status":"closed","template":"page-blank-title-center.php","meta":{"om_disable_all_campaigns":false,"footnotes":""},"class_list":["post-1277","page","type-page","status-publish","hentry"],"_links":{"self":[{"href":"https:\/\/fumotxpress.de\/de\/wp-json\/wp\/v2\/pages\/1277","targetHints":{"allow":["GET"]}}],"collection":[{"href":"https:\/\/fumotxpress.de\/de\/wp-json\/wp\/v2\/pages"}],"about":[{"href":"https:\/\/fumotxpress.de\/de\/wp-json\/wp\/v2\/types\/page"}],"author":[{"embeddable":true,"href":"https:\/\/fumotxpress.de\/de\/wp-json\/wp\/v2\/users\/1"}],"replies":[{"embeddable":true,"href":"https:\/\/fumotxpress.de\/de\/wp-json\/wp\/v2\/comments?post=1277"}],"version-history":[{"count":0,"href":"https:\/\/fumotxpress.de\/de\/wp-json\/wp\/v2\/pages\/1277\/revisions"}],"wp:attachment":[{"href":"https:\/\/fumotxpress.de\/de\/wp-json\/wp\/v2\/media?parent=1277"}],"curies":[{"name":"wp","href":"https:\/\/api.w.org\/{rel}","templated":true}]}}