{"id":1268,"date":"2024-11-09T08:08:21","date_gmt":"2024-11-09T08:08:21","guid":{"rendered":"https:\/\/fumotxpress.de\/?page_id=1268"},"modified":"2024-11-09T08:08:21","modified_gmt":"2024-11-09T08:08:21","slug":"fumotxpress-ruckerstattungsrichtlinie","status":"publish","type":"page","link":"https:\/\/fumotxpress.de\/de\/fumotxpress-ruckerstattungsrichtlinie\/","title":{"rendered":"Fumotxpress R\u00fcckerstattungsrichtlinie"},"content":{"rendered":"<p>An <strong>Fumotxpress<\/strong>Wir sind stolz darauf, hochwertige Einweg-Vapes an Ihre Haust\u00fcr in ganz Europa zu liefern. Ihre Zufriedenheit hat f\u00fcr uns h\u00f6chste Priorit\u00e4t, und wir verpflichten uns, allen unseren Kunden ein reibungsloses und zuverl\u00e4ssiges Erlebnis zu bieten. Nachfolgend finden Sie eine detaillierte Anleitung zu unserer R\u00fcckerstattungsrichtlinie:<\/p>\n<h4>1. <strong>Anspruchsberechtigung f\u00fcr R\u00fcckerstattungen<\/strong><\/h4>\n<p>Wir m\u00f6chten, dass Sie mit Ihrem Kauf vollkommen zufrieden sind. Wenn Sie aus irgendeinem Grund mit Ihrem Produkt nicht v\u00f6llig gl\u00fccklich sind, bieten wir eine unkomplizierte R\u00fcckerstattungspolitik an. R\u00fcckerstattungen sind unter den folgenden Bedingungen verf\u00fcgbar:<\/p>\n<ul>\n<li><strong>Besch\u00e4digte oder fehlerhafte Produkte:<\/strong> Wenn Sie ein Produkt erhalten, das defekt ist oder w\u00e4hrend des Transports besch\u00e4digt wurde, benachrichtigen Sie uns bitte innerhalb <strong>14 Tage<\/strong> nach Erhalt Ihrer Bestellung. Wir werden gerne eine volle R\u00fcckerstattung ausstellen oder das fehlerhafte Artikelst\u00fcck ohne zus\u00e4tzliche Kosten ersetzen.<\/li>\n<li><strong>Falsches Artikel erhalten:<\/strong> In dem seltenen Fall, dass Ihnen das falsche Artikel geliefert wurde, kontaktieren Sie uns innerhalb <strong>14 Tage<\/strong> Von der Rechnung. Wir werden Ihnen den richtigen Artikel zusenden und je nach Ihrer Vorliebe eine volle R\u00fcckerstattung oder einen Umtausch vornehmen.<\/li>\n<li><strong>Auftragswiderrufe:<\/strong> Wenn Sie Ihre Meinung \u00e4ndern und Ihre Bestellung stornieren m\u00f6chten, kontaktieren Sie uns bitte, bevor die Bestellung versendet wird. Wenn das Artikel noch nicht unser Lager verlassen hat, werden wir die Stornierung bearbeiten und eine vollst\u00e4ndige R\u00fcckerstattung ausstellen. Leider k\u00f6nnen Stornierungen nicht mehr bearbeitet werden, sobald eine Bestellung versendet wurde.<\/li>\n<\/ul>\n<h4>2. <strong>R\u00fcckgabeprozess<\/strong><\/h4>\n<ul>\n<li>Um den R\u00fcckerstattungsprozess zu beginnen, bitte <strong>Kontaktieren Sie uns<\/strong> an <a rel=\"noopener\">info@fumotxpress.de<\/a> mit Ihren Bestelldetails und einer Beschreibung des Problems. Ein Vertreter unseres Kundenservice-Teams wird Sie durch den R\u00fcckgabe- oder R\u00fcckerstattungsprozess f\u00fchren.<\/li>\n<li>Bitte bewahren Sie das Produkt in seinem urspr\u00fcnglichen, ungebrauchten Zustand auf, um f\u00fcr eine R\u00fcckerstattung in Frage zu kommen. Gebrauchte oder ge\u00f6ffnete Artikel sind aus Gr\u00fcnden der Hygiene und Sicherheit nicht f\u00fcr R\u00fcckgaben geeignet.<\/li>\n<li>Wenn Sie ein Produkt zur\u00fccksenden, stellen Sie bitte sicher, dass es sicher verpackt ist, um weitere Sch\u00e4den w\u00e4hrend des Transports zu vermeiden. Die Kosten f\u00fcr den R\u00fcckversand gehen zu Lasten des Kunden, es sei denn, das Produkt ist fehlerhaft oder falsch.<\/li>\n<\/ul>\n<h4>3. <strong>R\u00fcckabwicklungsbearbeitung<\/strong><\/h4>\n<p>Sobald Ihre R\u00fcckgabe- oder R\u00fcckerstattungsanfrage genehmigt wurde, erhalten Sie eine Best\u00e4tigungs-E-Mail. R\u00fcckerstattungen werden an die urspr\u00fcngliche Zahlungsmethode weitergeleitet, die PayPal, Kreditkarte oder Bank\u00fcberweisung (je nach Ihrer Zahlungsmethode) umfassen kann.<\/p>\n<ul>\n<li><strong>PayPal-Transaktionen:<\/strong> Wenn Sie via PayPal bezahlt haben, wird die R\u00fcckerstattung Ihrem PayPal-Konto innerhalb von <strong>5-7 Werktage<\/strong>.<\/li>\n<li><strong>Kreditkarten-\/SEPA-Zahlungen:<\/strong> R\u00fcckerstattungen per Kreditkarte oder SEPA-Bank\u00fcberweisung k\u00f6nnen dauern <strong>bis zu 10 Werktage<\/strong> zu bearbeiten.<\/li>\n<li><strong>Kryptow\u00e4hrungszahlungen:<\/strong> Wenn Sie mit Kryptow\u00e4hrung bezahlt haben, werden R\u00fcckerstattungen in derselben Kryptow\u00e4hrung bearbeitet, die f\u00fcr die urspr\u00fcngliche Zahlung verwendet wurde.<\/li>\n<\/ul>\n<h4>4. <strong>Nicht r\u00fcckerstattungsf\u00e4hige Artikel<\/strong><\/h4>\n<p>Aus Gr\u00fcnden der Gesundheit und Hygiene sind bestimmte Artikel nicht zur\u00fccknehmbar und nicht r\u00fcckzahlbar, einschlie\u00dflich:<\/p>\n<ul>\n<li>Benutzte Einweg-E-Zigaretten<\/li>\n<li>E-Liquids und andere verbrauchbare Produkte<\/li>\n<li>Produkte, die zum Verkauf oder mit Werbeaktionen Rabatten gekauft wurden (es sei denn, sie sind fehlerhaft)<\/li>\n<\/ul>\n<h4>5. <strong>Versandkosten<\/strong><\/h4>\n<p>Bitte beachten Sie, dass Versandkosten im Allgemeinen nicht r\u00fcckerstattungsf\u00e4hig sind, es sei denn, das Produkt ist fehlerhaft oder besch\u00e4digt. Im Falle von fehlerhaften oder falschen Artikeln, <strong>Fumotxpress<\/strong> \u00fcbernimmt die Kosten f\u00fcr die R\u00fccksendung.<\/p>\n<h4>6. <strong>B\u00f6rsen<\/strong><\/h4>\n<p>Wenn Sie lieber einen Austausch f\u00fcr ein anderes Produkt w\u00fcnschen (z.B. eine andere Geschmacksrichtung oder ein anderes Modell), werden wir einen Austausch nach Erhalt Ihres zur\u00fcckgesandten Produkts arrangieren. Eventuelle Preisunterschiede zwischen dem urspr\u00fcnglichen und dem ausgetauschten Produkt werden entsprechend berechnet oder zur\u00fcckerstattet.<\/p>\n<h4>7. <strong>Bestellung nicht erhalten \/ w\u00e4hrend des Transports verloren gegangen<\/strong><\/h4>\n<p>Sollte Ihre Bestellung verloren gegangen sein oder nicht innerhalb des angegebenen Zeitrahmens (3-7 Werktage f\u00fcr die meisten europ\u00e4ischen L\u00e4nder) geliefert werden, kontaktieren Sie bitte sofort unser Kundenservice-Team. Wir unterst\u00fctzen Sie bei der Verfolgung des Pakets oder leiten eine Schadensmeldung bei dem Versandunternehmen ein, um das Paket zu lokalisieren. Sollte die Bestellung nicht gefunden werden k\u00f6nnen, bieten wir je nach Ihrer Vorliebe einen Ersatz oder eine R\u00fcckerstattung an.<\/p>\n<h4>8. <strong>Kundenservice<\/strong><\/h4>\n<p>F\u00fcr alle Anfragen zu R\u00fcckerstattungen oder R\u00fccksendungen wenden Sie sich bitte an unser Kundenservice-Team unter <a rel=\"noopener\">info@fumotxpress.de<\/a>Wir stehen Ihnen zur Verf\u00fcgung, um Ihnen bei eventuellen Problemen zu helfen und sicherzustellen, dass Ihre Erfahrung mit <strong>Fumotxpress<\/strong> ist problemlos.<\/p>\n<hr \/>\n<p><strong>Fumotxpress<\/strong> bem\u00fcht sich darum, ein nahtloses Einkaufserlebnis mit hochwertigen Produkten zu bieten, und wir sind bestrebt, alle Probleme mit gr\u00f6\u00dfter Professionalit\u00e4t und Sorgfalt zu l\u00f6sen.<\/p>\n<p>Vielen Dank f\u00fcr die Wahl <strong>Fumotxpress<\/strong> \u2013 Premium Einweg-Elektronikzigaretten aus Deutschland!<\/p>","protected":false},"excerpt":{"rendered":"<p>Bei Fumotxpress sind wir stolz darauf, hochwertige Einweg-Vapes an Ihre Haust\u00fcr in ganz Europa zu liefern. Ihre Zufriedenheit hat f\u00fcr uns h\u00f6chste Priorit\u00e4t, und wir setzen uns daf\u00fcr ein, allen unseren Kunden ein reibungsloses und zuverl\u00e4ssiges Erlebnis zu bieten. Nachfolgend finden Sie eine detaillierte Anleitung zu unserer R\u00fcckerstattungsrichtlinie: 1. Berechtigung f\u00fcr R\u00fcckerstattungen Wir m\u00f6chten, dass Sie sich [\u2026]\n Eligibility for Refunds wurde zu Berechtigung f\u00fcr R\u00fcckerstattungen","protected":false},"author":1,"featured_media":0,"parent":0,"menu_order":0,"comment_status":"closed","ping_status":"closed","template":"page-blank-title-center.php","meta":{"om_disable_all_campaigns":false,"footnotes":""},"class_list":["post-1268","page","type-page","status-publish","hentry"],"_links":{"self":[{"href":"https:\/\/fumotxpress.de\/de\/wp-json\/wp\/v2\/pages\/1268","targetHints":{"allow":["GET"]}}],"collection":[{"href":"https:\/\/fumotxpress.de\/de\/wp-json\/wp\/v2\/pages"}],"about":[{"href":"https:\/\/fumotxpress.de\/de\/wp-json\/wp\/v2\/types\/page"}],"author":[{"embeddable":true,"href":"https:\/\/fumotxpress.de\/de\/wp-json\/wp\/v2\/users\/1"}],"replies":[{"embeddable":true,"href":"https:\/\/fumotxpress.de\/de\/wp-json\/wp\/v2\/comments?post=1268"}],"version-history":[{"count":0,"href":"https:\/\/fumotxpress.de\/de\/wp-json\/wp\/v2\/pages\/1268\/revisions"}],"wp:attachment":[{"href":"https:\/\/fumotxpress.de\/de\/wp-json\/wp\/v2\/media?parent=1268"}],"curies":[{"name":"wp","href":"https:\/\/api.w.org\/{rel}","templated":true}]}}