{"id":1253,"date":"2024-11-08T13:42:01","date_gmt":"2024-11-08T13:42:01","guid":{"rendered":"https:\/\/fumotxpress.de\/?page_id=1253"},"modified":"2024-11-08T13:44:16","modified_gmt":"2024-11-08T13:44:16","slug":"fumotxpress-zahlungsmethoden","status":"publish","type":"page","link":"https:\/\/fumotxpress.de\/de\/fumotxpress-zahlungsmethoden\/","title":{"rendered":"Fumotxpress Zahlungsmethoden"},"content":{"rendered":"<p>Bei Fumotxpress bieten wir eine Reihe von sicheren und bequemen Zahlungsoptionen, um ein nahtloses Einkaufserlebnis zu gew\u00e4hrleisten.<\/p>\n<h4>PayPal<\/h4>\n<p>F\u00fcr schnelle und sichere Zahlungen akzeptieren wir PayPal, das einen umfassenden K\u00e4erschutz f\u00fcr eine sorgenfreie Erfahrung bietet.<\/p>\n<h4>Kryptow\u00e4hrung<\/h4>\n<p>Wir akzeptieren verschiedene Kryptow\u00e4hrungen und bieten eine moderne und flexible M\u00f6glichkeit, Ihre Transaktionen abzuschlie\u00dfen.<\/p>\n<h4>SEPA-\u00dcberweisung<\/h4>\n<p>F\u00fcr Kunden innerhalb der EU stehen SEPA-Bank\u00fcberweisungen zur Verf\u00fcgung, die eine kosteng\u00fcnstige M\u00f6glichkeit bieten, direkt von Ihrem Bankkonto aus zu bezahlen.<\/p>\n<p><strong>Kontaktieren Sie uns<\/strong>: <a rel=\"noopener\">info@fumotxpress.de<\/a> bei Fragen. Profitieren Sie von kostenlosem Versand bei Bestellungen \u00fcber 49,99 \u20ac in Deutschland und 99,99 \u20ac innerhalb der EU.<\/p>\n<h4>Keine Mindestbestellmenge erforderlich<\/h4>\n<p>Ob Sie ein kleiner Einzelh\u00e4ndler oder ein Verbraucher sind, der f\u00fcr den pers\u00f6nlichen Gebrauch einkauft, Fumotxpress bietet <strong>keine Mindestbestellmenge erforderlich<\/strong>Sie k\u00f6nnen einfach ein St\u00fcck Ihrer Lieblings-Disposable-Vape-Geschmacksrichtung ohne jegliche Probleme kaufen. Diese Flexibilit\u00e4t ist perfekt f\u00fcr diejenigen, die verschiedene Geschmacksrichtungen ausprobieren oder ein Produkt testen m\u00f6chten, ohne sich auf gro\u00dfe Mengen festzulegen.<\/p>\n<h4>Kostenlose Versandoptionen<\/h4>\n<p>Um Ihr Einkaufserlebnis noch besser zu machen, bieten wir <strong>kostenfreie Lieferung<\/strong> auf Bestellungen, die die folgenden Kriterien erf\u00fcllen:<\/p>\n<ul>\n<li><strong>Deutschland<\/strong>: Bestellungen \u00fcber 49,99 \u20ac qualifizieren sich f\u00fcr den kostenlosen Versand innerhalb Deutschlands.<\/li>\n<li><strong>Europ\u00e4ische Union<\/strong>: Bestellungen \u00fcber 99,99 \u20ac qualifizieren sich f\u00fcr den kostenlosen Versand innerhalb der EU.<\/li>\n<\/ul>\n<p>Wir verstehen, dass es wichtig ist, Ihre Bestellung schnell zu erhalten, und deshalb verschicken wir direkt von unserem Lager aus <strong>Deutschland<\/strong>. Wir stellen sicher, dass alle Bestellungen umgehend versandt werden, wobei die Lieferzeiten in der Regel zwischen <strong>3 bis 7 Tage<\/strong> in der gesamten EU.<\/p>\n<h3>Wie bezahlen<\/h3>\n<p>Nachdem Sie Ihre Artikel ausgew\u00e4hlt haben, w\u00e4hlen Sie einfach Ihre bevorzugte Zahlungsmethode an der Kasse. F\u00fcr <strong>PayPal<\/strong> und <strong>Kryptow\u00e4hrung<\/strong> Bei Zahlungen werden Sie zu einem sicheren Zahlungsgateway weitergeleitet, wo Sie Ihre Transaktion abschlie\u00dfen k\u00f6nnen. F\u00fcr <strong>SEPA-\u00dcberweisungen<\/strong>, unser System wird Ihnen die erforderlichen Bankdaten zur Verf\u00fcgung stellen, um die \u00dcberweisung abzuschlie\u00dfen. Sobald Ihre Zahlung best\u00e4tigt ist, werden wir Ihre Bestellung bearbeiten und direkt an Sie versenden.<\/p>\n<hr \/>\n<h3>Kontaktieren Sie uns<\/h3>\n<p>Wenn Sie Fragen zu unseren Zahlungsmethoden haben oder Hilfe bei einem Zahlungsproblem ben\u00f6tigen, z\u00f6gern Sie nicht, uns zu kontaktieren unter <strong><a rel=\"noopener\">info@fumotxpress.de<\/a><\/strong>Unser Kundenservice-Team ist immer bereit, zu helfen.<\/p>\n<hr \/>\n<p>Wir glauben, dass das Angebot verschiedener Zahlungsmethoden dazu beitr\u00e4gt, den vielf\u00e4ltigen Vorlieben unserer Kunden gerecht zu werden, und gew\u00e4hrleistet, dass Ihr Kauferlebnis so reibungslos und angenehm wie m\u00f6glich ist. Ob Sie traditionelle Methoden wie PayPal und SEPA-\u00dcberweisungen bevorzugen oder modernere L\u00f6sungen wie Kryptow\u00e4hrung bevorzugen, wir haben Sie abgedeckt!<\/p>","protected":false},"excerpt":{"rendered":"<p>Bei Fumotxpress bieten wir eine Reihe sicherer und bequemer Zahlungsoptionen, um ein nahtloses Einkaufserlebnis zu gew\u00e4hrleisten. PayPal F\u00fcr schnelle und sichere Zahlungen akzeptieren wir PayPal, das einen umfassenden K\u00e4uferschutz f\u00fcr ruhige Gewissheit bietet. Kryptow\u00e4hrung Wir akzeptieren verschiedene Kryptow\u00e4hrungen und bieten eine moderne und flexible M\u00f6glichkeit, Ihre Transaktionen abzuschlie\u00dfen. SEPA-Bank\u00fcberweisung F\u00fcr [\u2026]","protected":false},"author":1,"featured_media":0,"parent":0,"menu_order":0,"comment_status":"closed","ping_status":"closed","template":"page-blank-title-center.php","meta":{"om_disable_all_campaigns":false,"footnotes":""},"class_list":["post-1253","page","type-page","status-publish","hentry"],"_links":{"self":[{"href":"https:\/\/fumotxpress.de\/de\/wp-json\/wp\/v2\/pages\/1253","targetHints":{"allow":["GET"]}}],"collection":[{"href":"https:\/\/fumotxpress.de\/de\/wp-json\/wp\/v2\/pages"}],"about":[{"href":"https:\/\/fumotxpress.de\/de\/wp-json\/wp\/v2\/types\/page"}],"author":[{"embeddable":true,"href":"https:\/\/fumotxpress.de\/de\/wp-json\/wp\/v2\/users\/1"}],"replies":[{"embeddable":true,"href":"https:\/\/fumotxpress.de\/de\/wp-json\/wp\/v2\/comments?post=1253"}],"version-history":[{"count":0,"href":"https:\/\/fumotxpress.de\/de\/wp-json\/wp\/v2\/pages\/1253\/revisions"}],"wp:attachment":[{"href":"https:\/\/fumotxpress.de\/de\/wp-json\/wp\/v2\/media?parent=1253"}],"curies":[{"name":"wp","href":"https:\/\/api.w.org\/{rel}","templated":true}]}}